{"id":162,"date":"2023-02-15T11:20:49","date_gmt":"2023-02-15T10:20:49","guid":{"rendered":"https:\/\/knihovna.praha19.cz\/?page_id=162"},"modified":"2024-01-03T18:41:27","modified_gmt":"2024-01-03T16:41:27","slug":"sluzby","status":"publish","type":"page","link":"https:\/\/knihovna.praha19.cz\/?page_id=162","title":{"rendered":"Slu\u017eby"},"content":{"rendered":"<style>\n.childpagescard_img_block82aa4b0af34c2313a562076992e50aa3 {\n  float: right;\n  padding: 10px;\n}\n.childpagescard_border82aa4b0af34c2313a562076992e50aa3 {\n  border-left: solid 5px #7db4e6;\n  padding: 0.25em 0.25em;\n  color: #494949;\n  background: transparent;\n}\n.childpagescard_title82aa4b0af34c2313a562076992e50aa3 {\n  line-height: 120%;\n  font-weight: bold;\n  display: block;\n}\n.childpagescard_description82aa4b0af34c2313a562076992e50aa3 {\n  line-height: 120%;\n  color: #333;\n}\n<\/style>\n<div class=\"childpagescard_wrap\">\n\t<a style=\"text-decoration: none;\" href=\"https:\/\/knihovna.praha19.cz\/?page_id=458\">\n\t\t\t<figure class=\"childpagescard_img_block82aa4b0af34c2313a562076992e50aa3\">\n\t\t\t<img decoding=\"async\" style=\"border-radius: 5px; width: 133px; height: 133px;\" src=\"https:\/\/knihovna.praha19.cz\/wp-content\/uploads\/2023\/04\/prodlouzeni-vypujcky1-150x150.png\" alt=\"Prodlou\u017een\u00ed v\u00fdp\u016fj\u010dky - knihovna.praha19.cz\" \/>\n\t\t<\/figure>\n\t\t<div class=\"childpagescard_inner\">\n\t\t<div class=\"childpagescard_border82aa4b0af34c2313a562076992e50aa3\">\n\t\t\t<div class=\"childpagescard_title82aa4b0af34c2313a562076992e50aa3\">\n\t\t\t\tProdlou\u017een\u00ed v\u00fdp\u016fj\u010dky &#8211; knihovna.praha19.cz\t\t\t<\/div>\n\t\t\t\t\t\t\t<div class=\"childpagescard_description82aa4b0af34c2313a562076992e50aa3\">\n\t\t\t\t\tV\u00fdp\u016fj\u010dku v\u0161ech dokument\u016f lze prodlou\u017eit n\u00e1sleduj\u00edc\u00edmi zp\u016fsoby:\n\n\n\n\nOsobn\u011b v knihovn\u011b: viz provozn\u00ed doba\n\n\n\nTelefonicky\n\n\n\nna \u010d\u00edsle 284 080 878 , v provozn\u00ed dobu m\u016f\u017eete volat i na mobil: &nbsp;734 681 683\n\n\n\nProst\u0159ednictv\u00edm \u010dten\u00e1\u0159sk\u00e9ho konta\n\n\n\nVypln\u011bn\u00edm formul\u00e1\u0159e n\u00ed\u017ee\n\n\n\n\n\n\n\n&#8230;\t\t\t\t<\/div>\n\t\t\t\t\t<\/div>\n\t<\/div>\n\t<div style=\"clear: both;\"><\/div>\n\t<\/a>\n<\/div>\n<div class=\"childpagescard_wrap\">\n\t<a style=\"text-decoration: none;\" href=\"https:\/\/knihovna.praha19.cz\/?page_id=164\">\n\t\t\t<figure class=\"childpagescard_img_block82aa4b0af34c2313a562076992e50aa3\">\n\t\t\t<img decoding=\"async\" style=\"border-radius: 5px; width: 133px; height: 133px;\" src=\"https:\/\/knihovna.praha19.cz\/wp-content\/uploads\/2023\/02\/spolecenske-hry-150x150.jpg\" alt=\"P\u016fj\u010dov\u00e1n\u00ed spole\u010densk\u00fdch her - knihovna.praha19.cz\" \/>\n\t\t<\/figure>\n\t\t<div class=\"childpagescard_inner\">\n\t\t<div class=\"childpagescard_border82aa4b0af34c2313a562076992e50aa3\">\n\t\t\t<div class=\"childpagescard_title82aa4b0af34c2313a562076992e50aa3\">\n\t\t\t\tP\u016fj\u010dov\u00e1n\u00ed spole\u010densk\u00fdch her &#8211; knihovna.praha19.cz\t\t\t<\/div>\n\t\t\t\t\t\t\t<div class=\"childpagescard_description82aa4b0af34c2313a562076992e50aa3\">\n\t\t\t\t\tZ\u00e1bava i&nbsp;pou\u010den\u00ed\n\n\n\nSpole\u010densk\u00e9 stoln\u00ed hry nejsou jen modern\u00ed z\u00e1le\u017eitost\u00ed. \u0158ada klasick\u00fdch her m\u00e1 sv\u016fj p\u016fvod ji\u017e ve&nbsp;starov\u011bku, lid\u00e9 se&nbsp;bavili a&nbsp;kr\u00e1tili si dlouh\u00e9 chv\u00edle. Hry jsou zdrojem z\u00e1bavy a&nbsp;radosti, slou\u017e\u00ed ale tak\u00e9 ke&nbsp;vzd\u011bl\u00e1v\u00e1n\u00ed. Hran\u00ed her &#8230;\t\t\t\t<\/div>\n\t\t\t\t\t<\/div>\n\t<\/div>\n\t<div style=\"clear: both;\"><\/div>\n\t<\/a>\n<\/div>\n<div class=\"childpagescard_wrap\">\n\t<a style=\"text-decoration: none;\" href=\"https:\/\/knihovna.praha19.cz\/?page_id=166\">\n\t\t\t<figure class=\"childpagescard_img_block82aa4b0af34c2313a562076992e50aa3\">\n\t\t\t<img decoding=\"async\" style=\"border-radius: 5px; width: 133px; height: 133px;\" src=\"https:\/\/knihovna.praha19.cz\/wp-content\/uploads\/2023\/02\/pujcovani-periodik-150x150.jpg\" alt=\"P\u016fj\u010dov\u00e1n\u00ed periodik - knihovna.praha19.cz\" \/>\n\t\t<\/figure>\n\t\t<div class=\"childpagescard_inner\">\n\t\t<div class=\"childpagescard_border82aa4b0af34c2313a562076992e50aa3\">\n\t\t\t<div class=\"childpagescard_title82aa4b0af34c2313a562076992e50aa3\">\n\t\t\t\tP\u016fj\u010dov\u00e1n\u00ed periodik &#8211; knihovna.praha19.cz\t\t\t<\/div>\n\t\t\t\t\t\t\t<div class=\"childpagescard_description82aa4b0af34c2313a562076992e50aa3\">\n\t\t\t\t\tSeznam periodik v katalogu Tritius\n\n\n\nM\u016f\u017eete si u&nbsp;n\u00e1s vyp\u016fj\u010dit jak\u00e9koli periodikum z&nbsp;na\u0161\u00ed nab\u00eddky.\n\n\n\n\nMarianne Bydlen\u00ed\n\n\n\nNa\u0161e kr\u00e1sn\u00e1 zahrada\n\n\n\nRozmar\u00fdna\n\n\n\nVlasta\n\n\n\nV\u00e1lka revue\n\n\n\nExtra v\u00e1lka : II. sv\u011btov\u00e1&#8230;\t\t\t\t<\/div>\n\t\t\t\t\t<\/div>\n\t<\/div>\n\t<div style=\"clear: both;\"><\/div>\n\t<\/a>\n<\/div>\n<div class=\"childpagescard_wrap\">\n\t<a style=\"text-decoration: none;\" href=\"https:\/\/knihovna.praha19.cz\/?page_id=170\">\n\t\t\t<figure class=\"childpagescard_img_block82aa4b0af34c2313a562076992e50aa3\">\n\t\t\t<img decoding=\"async\" style=\"border-radius: 5px; width: 133px; height: 133px;\" src=\"https:\/\/knihovna.praha19.cz\/wp-content\/uploads\/2023\/02\/besedy-150x150.png\" alt=\"Besedy pro \u0161kolky a \u0161koly - knihovna.praha19.cz\" \/>\n\t\t<\/figure>\n\t\t<div class=\"childpagescard_inner\">\n\t\t<div class=\"childpagescard_border82aa4b0af34c2313a562076992e50aa3\">\n\t\t\t<div class=\"childpagescard_title82aa4b0af34c2313a562076992e50aa3\">\n\t\t\t\tBesedy pro \u0161kolky a \u0161koly &#8211; knihovna.praha19.cz\t\t\t<\/div>\n\t\t\t\t\t\t\t<div class=\"childpagescard_description82aa4b0af34c2313a562076992e50aa3\">\n\t\t\t\t\tV\u00a0pr\u016fb\u011bhu cel\u00e9ho \u0161koln\u00edho roku nab\u00edz\u00edme liter\u00e1rn\u00ed besedy a knihovnick\u00e9 lekce pro mate\u0159sk\u00e9 a z\u00e1kladn\u00ed \u0161koly. Tyto workshopy dopl\u0148uj\u00ed r\u00e1mcov\u00e9 a \u0161koln\u00ed vzd\u011bl\u00e1vac\u00ed programy. D\u00e9lka besedy se pohybuje cca 45 &#8211; 60 minut a obvykle za\u010d\u00edn\u00e1 v\u00a0\u010dasov\u00e9m rozmez\u00ed mezi 8.00 &#8211; 10.00 hodinou. P&#8230;\t\t\t\t<\/div>\n\t\t\t\t\t<\/div>\n\t<\/div>\n\t<div style=\"clear: both;\"><\/div>\n\t<\/a>\n<\/div>\n<div class=\"childpagescard_wrap\">\n\t<a style=\"text-decoration: none;\" href=\"https:\/\/knihovna.praha19.cz\/?page_id=176\">\n\t\t\t<figure class=\"childpagescard_img_block82aa4b0af34c2313a562076992e50aa3\">\n\t\t\t<img decoding=\"async\" style=\"border-radius: 5px; width: 133px; height: 133px;\" src=\"https:\/\/knihovna.praha19.cz\/wp-content\/uploads\/2023\/02\/przencni-vypujcka-150x150.jpg\" alt=\"Prezen\u010dn\u00ed p\u016fj\u010dov\u00e1n\u00ed knih - knihovna.praha19.cz\" \/>\n\t\t<\/figure>\n\t\t<div class=\"childpagescard_inner\">\n\t\t<div class=\"childpagescard_border82aa4b0af34c2313a562076992e50aa3\">\n\t\t\t<div class=\"childpagescard_title82aa4b0af34c2313a562076992e50aa3\">\n\t\t\t\tPrezen\u010dn\u00ed p\u016fj\u010dov\u00e1n\u00ed knih &#8211; knihovna.praha19.cz\t\t\t<\/div>\n\t\t\t\t\t\t\t<div class=\"childpagescard_description82aa4b0af34c2313a562076992e50aa3\">\n\t\t\t\t\tPrezen\u010dn\u00ed v\u00fdp\u016fj\u010dka:&nbsp;\n\n\n\ndokument se p\u016fj\u010duje jen v prostor\u00e1ch knihovny.Prezen\u010dn\u011b (pouze v knihovn\u011b) jsou p\u016fj\u010dov\u00e1ny dokumenty z region\u00e1ln\u00edho fondu a knihy p\u016fj\u010den\u00e9 z jin\u00fdch knihoven prost\u0159ednictv\u00edm meziknihovn\u00ed v\u00fdp\u016fj\u010dn\u00ed slu\u017eby, kter\u00e9 stanovily tento zp\u016fsob p\u016fj\u010dov\u00e1n\u00ed&#8230;.\t\t\t\t<\/div>\n\t\t\t\t\t<\/div>\n\t<\/div>\n\t<div style=\"clear: both;\"><\/div>\n\t<\/a>\n<\/div>\n<div class=\"childpagescard_wrap\">\n\t<a style=\"text-decoration: none;\" href=\"https:\/\/knihovna.praha19.cz\/?page_id=172\">\n\t\t\t<figure class=\"childpagescard_img_block82aa4b0af34c2313a562076992e50aa3\">\n\t\t\t<img decoding=\"async\" style=\"border-radius: 5px; width: 133px; height: 133px;\" src=\"https:\/\/knihovna.praha19.cz\/wp-content\/uploads\/2023\/02\/MVS-150x150.png\" alt=\"MVS (meziknihovn\u00ed v\u00fdp\u016fj\u010dn\u00ed slu\u017eba) - knihovna.praha19.cz\" \/>\n\t\t<\/figure>\n\t\t<div class=\"childpagescard_inner\">\n\t\t<div class=\"childpagescard_border82aa4b0af34c2313a562076992e50aa3\">\n\t\t\t<div class=\"childpagescard_title82aa4b0af34c2313a562076992e50aa3\">\n\t\t\t\tMVS (meziknihovn\u00ed v\u00fdp\u016fj\u010dn\u00ed slu\u017eba) &#8211; knihovna.praha19.cz\t\t\t<\/div>\n\t\t\t\t\t\t\t<div class=\"childpagescard_description82aa4b0af34c2313a562076992e50aa3\">\n\t\t\t\t\tMeziknihovn\u00ed v\u00fdp\u016fj\u010dn\u00ed slu\u017eba (d\u00e1le jen MVS) umo\u017en\u00ed registrovan\u00e9mu u\u017eivateli z\u00edskat v\u00fdp\u016fj\u010dku (\u010di jej\u00ed kopii) z&nbsp;jin\u00e9 knihovny. Tato slu\u017eba m\u016f\u017ee b\u00fdt prov\u00e1d\u011bna v&nbsp;r\u00e1mci jednoho st\u00e1tu nebo v&nbsp;mezin\u00e1rodn\u00edm m\u011b\u0159\u00edtku. Meziknihovn\u00ed slu\u017ebu zprost\u0159edkuje knihovna na po\u017e\u00e1d\u00e1n\u00ed&#8230;\t\t\t\t<\/div>\n\t\t\t\t\t<\/div>\n\t<\/div>\n\t<div style=\"clear: both;\"><\/div>\n\t<\/a>\n<\/div>\n<div class=\"childpagescard_wrap\">\n\t<a style=\"text-decoration: none;\" href=\"https:\/\/knihovna.praha19.cz\/?page_id=863\">\n\t\t\t<figure class=\"childpagescard_img_block82aa4b0af34c2313a562076992e50aa3\">\n\t\t\t<img decoding=\"async\" style=\"border-radius: 5px; width: 133px; height: 118px;\" src=\"https:\/\/knihovna.praha19.cz\/wp-content\/uploads\/Logo-Metropolitni-knihovna-vertikalni-150x133.webp\" alt=\"Metropolitn\u00ed knihovna - knihovna.praha19.cz\" \/>\n\t\t<\/figure>\n\t\t<div class=\"childpagescard_inner\">\n\t\t<div class=\"childpagescard_border82aa4b0af34c2313a562076992e50aa3\">\n\t\t\t<div class=\"childpagescard_title82aa4b0af34c2313a562076992e50aa3\">\n\t\t\t\tMetropolitn\u00ed knihovna &#8211; knihovna.praha19.cz\t\t\t<\/div>\n\t\t\t\t\t\t\t<div class=\"childpagescard_description82aa4b0af34c2313a562076992e50aa3\">\n\t\t\t\t\tKbelsk\u00e1 knihovna se ji\u017e p\u0159ed lety, jako jedna z&nbsp;prvn\u00edch 4 pra\u017esk\u00fdch region\u00e1ln\u00edch knihoven, zapojila do projektu Metropolitn\u00ed knihovna, kter\u00fd navazuje \u00fazkou spolupr\u00e1ci s&nbsp;M\u011bstskou knihovnou v&nbsp;Praze (MKP). &nbsp;Tato vz\u00e1jemn\u00e1 spolupr\u00e1ce umo\u017e\u0148uje zajistit zaj\u00edmavou&#8230;\t\t\t\t<\/div>\n\t\t\t\t\t<\/div>\n\t<\/div>\n\t<div style=\"clear: both;\"><\/div>\n\t<\/a>\n<\/div>\n<div class=\"childpagescard_wrap\">\n\t<a style=\"text-decoration: none;\" href=\"https:\/\/knihovna.praha19.cz\/?page_id=168\">\n\t\t\t<figure class=\"childpagescard_img_block82aa4b0af34c2313a562076992e50aa3\">\n\t\t\t<img decoding=\"async\" style=\"border-radius: 5px; width: 118px; height: 118px;\" src=\"https:\/\/knihovna.praha19.cz\/wp-content\/uploads\/2023\/02\/wireless_devices2-150x150.png\" alt=\"P\u0159\u00edstup k\u00a0internetu - knihovna.praha19.cz\" \/>\n\t\t<\/figure>\n\t\t<div class=\"childpagescard_inner\">\n\t\t<div class=\"childpagescard_border82aa4b0af34c2313a562076992e50aa3\">\n\t\t\t<div class=\"childpagescard_title82aa4b0af34c2313a562076992e50aa3\">\n\t\t\t\tP\u0159\u00edstup k\u00a0internetu &#8211; knihovna.praha19.cz\t\t\t<\/div>\n\t\t\t\t\t\t\t<div class=\"childpagescard_description82aa4b0af34c2313a562076992e50aa3\">\n\t\t\t\t\tV knihovn\u011b je k\u00a0dispozici p\u0159\u00edstup na\u00a0INTERNET ZDARMA. P\u0159\u00edstup na\u00a0internet m\u00e1\u00a0stejn\u00fd re\u017eim jako nap\u0159.\u00a0v\u00fdp\u016fj\u010dka knihy viz knihovn\u00ed \u0159\u00e1d.\n\n\n\nV KNIHOVN\u011a JE NAV\u00cdC WI-FI P\u0158IPOJEN\u00cd, tak\u017ee je mo\u017en\u00e9 zde pracovat se&nbsp;sv\u00fdm mobilem, tabletem \u010di notebookem. (n\u00e1zev WiFi: P19_Free, p\u0159\u00edst&#8230;\t\t\t\t<\/div>\n\t\t\t\t\t<\/div>\n\t<\/div>\n\t<div style=\"clear: both;\"><\/div>\n\t<\/a>\n<\/div>\n<div class=\"childpagescard_wrap\">\n\t<a style=\"text-decoration: none;\" href=\"https:\/\/knihovna.praha19.cz\/?page_id=174\">\n\t\t\t<figure class=\"childpagescard_img_block82aa4b0af34c2313a562076992e50aa3\">\n\t\t\t<img decoding=\"async\" style=\"border-radius: 5px; width: 118px; height: 118px;\" src=\"https:\/\/knihovna.praha19.cz\/wp-content\/uploads\/2023\/02\/donaska-seniorum-150x150.jpg\" alt=\"Don\u00e1\u0161kov\u00e1 slu\u017eba senior\u016fm a handicapovan\u00fdm ob\u010dan\u016fm - knihovna.praha19.cz\" \/>\n\t\t<\/figure>\n\t\t<div class=\"childpagescard_inner\">\n\t\t<div class=\"childpagescard_border82aa4b0af34c2313a562076992e50aa3\">\n\t\t\t<div class=\"childpagescard_title82aa4b0af34c2313a562076992e50aa3\">\n\t\t\t\tDon\u00e1\u0161kov\u00e1 slu\u017eba senior\u016fm a handicapovan\u00fdm ob\u010dan\u016fm &#8211; knihovna.praha19.cz\t\t\t<\/div>\n\t\t\t\t\t\t\t<div class=\"childpagescard_description82aa4b0af34c2313a562076992e50aa3\">\n\t\t\t\t\tMilujete knihy, r\u00e1di \u010dtete \u010di poslouch\u00e1te, ale zdravotn\u00ed stav V\u00e1m neumo\u017e\u0148uje osobn\u011b nav\u0161t\u00edvit knihovnu? Nevad\u00ed, m\u016f\u017eete vyu\u017e\u00edt don\u00e1\u0161kovou slu\u017ebu knihovny, kter\u00e1 je zcela zdarma. Slu\u017eba je ur\u010dena pro zdravotn\u011b znev\u00fdhodn\u011bn\u00e9 ob\u010dany s&nbsp;bydli\u0161t\u011bm ve Kbel\u00edch, pro kter\u00e9 je obt\u00ed\u017en&#8230;\t\t\t\t<\/div>\n\t\t\t\t\t<\/div>\n\t<\/div>\n\t<div style=\"clear: both;\"><\/div>\n\t<\/a>\n<\/div>\n\n\n\n<figure class=\"wp-block-image size-full\"><img loading=\"lazy\" decoding=\"async\" width=\"1024\" height=\"614\" src=\"https:\/\/knihovna.praha19.cz\/wp-content\/uploads\/2022\/12\/knihy.jpg\" alt=\"\" class=\"wp-image-25\" srcset=\"https:\/\/knihovna.praha19.cz\/wp-content\/uploads\/2022\/12\/knihy.jpg 1024w, https:\/\/knihovna.praha19.cz\/wp-content\/uploads\/2022\/12\/knihy-600x360.jpg 600w, https:\/\/knihovna.praha19.cz\/wp-content\/uploads\/2022\/12\/knihy-300x180.jpg 300w, https:\/\/knihovna.praha19.cz\/wp-content\/uploads\/2022\/12\/knihy-768x461.jpg 768w\" sizes=\"auto, (max-width: 1024px) 100vw, 1024px\" \/><\/figure>\n","protected":false},"excerpt":{"rendered":"","protected":false},"author":1,"featured_media":901,"parent":0,"menu_order":0,"comment_status":"closed","ping_status":"closed","template":"","meta":{"_monsterinsights_skip_tracking":false,"_monsterinsights_sitenote_active":false,"_monsterinsights_sitenote_note":"","_monsterinsights_sitenote_category":0,"footnotes":""},"class_list":["post-162","page","type-page","status-publish","has-post-thumbnail","hentry"],"_links":{"self":[{"href":"https:\/\/knihovna.praha19.cz\/index.php?rest_route=\/wp\/v2\/pages\/162","targetHints":{"allow":["GET"]}}],"collection":[{"href":"https:\/\/knihovna.praha19.cz\/index.php?rest_route=\/wp\/v2\/pages"}],"about":[{"href":"https:\/\/knihovna.praha19.cz\/index.php?rest_route=\/wp\/v2\/types\/page"}],"author":[{"embeddable":true,"href":"https:\/\/knihovna.praha19.cz\/index.php?rest_route=\/wp\/v2\/users\/1"}],"replies":[{"embeddable":true,"href":"https:\/\/knihovna.praha19.cz\/index.php?rest_route=%2Fwp%2Fv2%2Fcomments&post=162"}],"version-history":[{"count":40,"href":"https:\/\/knihovna.praha19.cz\/index.php?rest_route=\/wp\/v2\/pages\/162\/revisions"}],"predecessor-version":[{"id":447,"href":"https:\/\/knihovna.praha19.cz\/index.php?rest_route=\/wp\/v2\/pages\/162\/revisions\/447"}],"wp:featuredmedia":[{"embeddable":true,"href":"https:\/\/knihovna.praha19.cz\/index.php?rest_route=\/wp\/v2\/media\/901"}],"wp:attachment":[{"href":"https:\/\/knihovna.praha19.cz\/index.php?rest_route=%2Fwp%2Fv2%2Fmedia&parent=162"}],"curies":[{"name":"wp","href":"https:\/\/api.w.org\/{rel}","templated":true}]}}