{"id":164,"date":"2023-02-15T11:23:30","date_gmt":"2023-02-15T09:23:30","guid":{"rendered":"https:\/\/knihovna.praha19.cz\/?page_id=164"},"modified":"2024-03-21T01:14:18","modified_gmt":"2024-03-20T23:14:18","slug":"pujcovani-spolecenskych-her","status":"publish","type":"page","link":"https:\/\/knihovna.praha19.cz\/?page_id=164","title":{"rendered":"P\u016fj\u010dov\u00e1n\u00ed spole\u010densk\u00fdch her"},"content":{"rendered":"\n<div style=\"height:100px\" aria-hidden=\"true\" class=\"wp-block-spacer\"><\/div>\n\n\n\n<h4 class=\"wp-block-heading has-black-color has-text-color has-medium-font-size\">Z\u00e1bava i&nbsp;pou\u010den\u00ed<\/h4>\n\n\n\n<p class=\"has-black-color has-text-color has-medium-font-size\">Spole\u010densk\u00e9 stoln\u00ed hry nejsou jen modern\u00ed z\u00e1le\u017eitost\u00ed. \u0158ada klasick\u00fdch her m\u00e1 sv\u016fj p\u016fvod ji\u017e ve&nbsp;starov\u011bku, lid\u00e9 se&nbsp;bavili a&nbsp;kr\u00e1tili si dlouh\u00e9 chv\u00edle. Hry jsou zdrojem z\u00e1bavy a&nbsp;radosti, slou\u017e\u00ed ale tak\u00e9 ke&nbsp;vzd\u011bl\u00e1v\u00e1n\u00ed. Hran\u00ed her posiluje komunikaci a&nbsp;mezilidsk\u00e9 vztahy.<\/p>\n\n\n\n<p class=\"has-medium-font-size\"><a href=\"https:\/\/raks.mlp.cz\/library\/kbely\/advanced?area=2428&amp;rows%5B0%5D.searchFieldItem=-13&amp;rows%5B0%5D.value=&amp;rows%5B1%5D.searchFieldItem=-32&amp;rows%5B1%5D.value=*&amp;rows%5B2%5D.searchFieldItem=-21&amp;rows%5B2%5D.value=&amp;rows%5B3%5D.searchFieldItem=-31&amp;rows%5B3%5D.value=&amp;allsrc=on&amp;_csrf=ff7a95d8-c4b4-42cd-bdbb-0192c76dc4b0\"><strong>Seznam her v katalogu Tritius<\/strong><\/a><\/p>\n\n\n\n<p class=\"has-medium-font-size\"><strong><a href=\"https:\/\/knihovna.praha19.cz\/wp-content\/uploads\/2023\/08\/Pravidla-pujcovani-spolecenskych-her.pdf\">Pravidla p\u016fj\u010dov\u00e1n\u00ed stoln\u00edch deskov\u00fdch a karetn\u00edch her:<\/a> <\/strong><\/p>\n\n\n\n<p class=\"has-luminous-vivid-orange-color has-text-color has-medium-font-size\"><strong>P\u016fj\u010dov\u00e1n\u00ed:<\/strong><\/p>\n\n\n\n<ul class=\"has-black-color has-text-color has-link-color has-medium-font-size wp-block-list wp-elements-2fbb6da7105e1bb0b5f8940bb3b84236\">\n<li class=\"has-medium-font-size\">Hru si absen\u010dn\u011b mohou p\u016fj\u010dit pouze registrovan\u00ed \u010dten\u00e1\u0159i, kte\u0159\u00ed nemaj\u00ed v\u016f\u010di knihovn\u011b \u017e\u00e1dn\u00e9 z\u00e1vazky (dluhy). &nbsp;Za \u010dten\u00e1\u0159e mlad\u0161\u00edho 15 let podep\u00ed\u0161e p\u00edsemn\u00e9 Potvrzen\u00ed o absen\u010dn\u00ed v\u00fdp\u016fj\u010dce z\u00e1konn\u00fd z\u00e1stupce.<\/li>\n\n\n\n<li class=\"has-medium-font-size\">\u010cten\u00e1\u0159i se p\u016fj\u010duje hra na maxim\u00e1ln\u011b 1 m\u011bs\u00edc bez mo\u017enosti prodlou\u017een\u00ed.<\/li>\n\n\n\n<li class=\"has-medium-font-size\">P\u0159ed p\u016fj\u010den\u00edm si \u010dten\u00e1\u0159 zkontroluje obsah hry dle p\u0159ilo\u017een\u00e9ho seznamu; podpisem Potvrzen\u00ed o absen\u010dn\u00ed v\u00fdp\u016fj\u010dce pak stvrzuje, \u017ee hra obsahuje v\u0161echny n\u00e1le\u017eitosti a \u017ee je kompletn\u00ed. Nesrovnalosti je nezbytn\u00e9 ihned nahl\u00e1sit u obsluhy knihovny.&nbsp; Od vyp\u016fj\u010den\u00ed pak nese odpov\u011bdnost za ve\u0161ker\u00e9 p\u0159\u00edpadn\u011b ztr\u00e1ty a \u0161kody na h\u0159e.<\/li>\n\n\n\n<li class=\"has-medium-font-size\">P\u0159ed podpisem Potvrzen\u00ed o absen\u010dn\u00ed v\u00fdp\u016fj\u010dce je \u010dten\u00e1\u0159 povinen slo\u017eit vratnou kauci ve v\u00fd\u0161i 300,- K\u010d, kter\u00e1 mu bude v&nbsp;p\u0159\u00edpad\u011b \u0159\u00e1dn\u00e9ho odevzd\u00e1n\u00ed hry bez po\u0161kozen\u00ed vr\u00e1cena zp\u011bt.<\/li>\n\n\n\n<li class=\"has-medium-font-size\">Vyp\u016fj\u010ditel je povinen hru u\u017e\u00edvat tak, aby nebyla po\u0161kozena. V&nbsp;p\u0159\u00edpad\u011b, \u017ee dojde k&nbsp;po\u0161kozen\u00ed nebo ztr\u00e1t\u011b, nahrad\u00ed \u010dten\u00e1\u0159 knihovn\u011b vznikl\u00e9 n\u00e1klady a \u0161kodu v&nbsp;pln\u00e9 v\u00fd\u0161i.<\/li>\n<\/ul>\n\n\n\n<p class=\"has-luminous-vivid-orange-color has-text-color has-medium-font-size\"><strong>Vracen\u00ed:<\/strong><\/p>\n\n\n\n<ul class=\"has-black-color has-text-color has-link-color has-medium-font-size wp-block-list wp-elements-8968ef77b91a6491dabc4ff8f7daf5ac\">\n<li class=\"has-medium-font-size\">\u010cten\u00e1\u0159 je povinen vr\u00e1tit hru ve stanoven\u00e9m term\u00ednu, nejpozd\u011bj\u0161\u00ed do 1 m\u011bs\u00edce od vyp\u016fj\u010den\u00ed.<\/li>\n\n\n\n<li class=\"has-medium-font-size\">V&nbsp;p\u0159\u00edpad\u011b prodlen\u00ed s&nbsp;vr\u00e1cen\u00edm hry oproti stanoven\u00e9mu term\u00ednu vr\u00e1cen\u00ed, je \u010dten\u00e1\u0159 povinen knihovn\u011b zaplatit smluvn\u00ed pokutu za prodlen\u00ed ve v\u00fd\u0161i 10,-K\u010d za ka\u017ed\u00fd zapo\u010dat\u00fd den prodlen\u00ed s&nbsp;vr\u00e1cen\u00edm hry. Sjedn\u00e1n\u00ed ani zaplacen\u00ed smluvn\u00ed pokuty nem\u00e1 vliv na povinnost u\u017eivatele nahradit knihovn\u011b \u0161kodu v&nbsp;pln\u00e9 v\u00fd\u0161i.<\/li>\n\n\n\n<li class=\"has-medium-font-size\">Po odevzd\u00e1n\u00ed hry knihovn\u00edk zkontroluje, zda je vr\u00e1cena v&nbsp;po\u0159\u00e1dku, nepo\u0161kozen\u00e1 a se v\u0161emi komponenty. Tuto kontrolu provede knihovn\u00edk v&nbsp;co nejkrat\u0161\u00edm mo\u017en\u00e9m term\u00ednu, nejpozd\u011bji v\u0161ak do n\u00e1sleduj\u00edc\u00edho pracovn\u00edho dne po vr\u00e1cen\u00ed hry. Pot\u00e9, co je hra knihovn\u00edkem zkontrolov\u00e1na a ten zkonstatuje, \u017ee byla vr\u00e1cena v&nbsp;po\u0159\u00e1dku a bez po\u0161kozen\u00ed, vr\u00e1t\u00ed \u010dten\u00e1\u0159i kauci, kterou zaplatil p\u0159i vyp\u016fj\u010den\u00ed.<\/li>\n\n\n\n<li class=\"has-medium-font-size\">Hry nen\u00ed mo\u017en\u00e9 vracet prost\u0159ednictv\u00edm biblioboxu ani po\u0161tou.<\/li>\n<\/ul>\n\n\n\n<p class=\"has-luminous-vivid-orange-color has-text-color has-medium-font-size\"><strong>Po\u0161kozen\u00ed \u010di ztr\u00e1ta:<\/strong><\/p>\n\n\n\n<ul class=\"has-black-color has-text-color has-link-color has-medium-font-size wp-block-list wp-elements-5e92be3535f82987262f93a3d946cbff\">\n<li class=\"has-medium-font-size\">V&nbsp;p\u0159\u00edpad\u011b po\u0161kozen\u00ed hry \u010di ztr\u00e1ty jednotliv\u00fdch komponent\u016f \u010di cel\u00e9 hry je \u010dten\u00e1\u0159 povinen uhradit vzniklou \u0161kodu; celkov\u00e1 cena hry je uvedena v&nbsp;Potvrzen\u00ed o absen\u010dn\u00ed v\u00fdp\u016fj\u010dce.<\/li>\n\n\n\n<li class=\"has-medium-font-size\">V&nbsp;p\u0159\u00edpad\u011b zji\u0161t\u011bn\u00ed po\u0161kozen\u00ed \u010di ztr\u00e1ty se u absen\u010dn\u00ed v\u00fdp\u016fj\u010dky vratn\u00e1 kauce nevrac\u00ed a slou\u017e\u00ed k&nbsp;pokryt\u00ed vznikl\u00e9 \u0161kody, tj. knihovna je opr\u00e1vn\u011bna zapo\u010d\u00edst slo\u017eenou kauci na n\u00e1hradu \u0161kody. Pokud jsou \u0161kody vy\u0161\u0161\u00ed ne\u017e 300,-K\u010d, je \u010dten\u00e1\u0159 povinen zb\u00fdvaj\u00edc\u00ed \u010d\u00e1stku doplatit.<\/li>\n\n\n\n<li class=\"has-medium-font-size\">P\u0159i ztr\u00e1t\u011b jednoho druhu komponentu je \u010dten\u00e1\u0159 v\u017edy povinen nahradit celou sadu.<\/li>\n<\/ul>\n\n\n\n<p class=\"has-black-color has-text-color has-medium-font-size\">V&nbsp;dal\u0161\u00edm se na v\u00fdp\u016fj\u010dky her u\u017eij\u00ed obecn\u00e1 ustanoven\u00ed <a href=\"https:\/\/knihovna.praha19.cz\/o-knihovne\/knihovni-rad\/\">Knihovn\u00edho \u0159\u00e1du<\/a>.<\/p>\n\n\n\n<hr class=\"wp-block-separator has-alpha-channel-opacity is-style-wide\"\/>\n\n\n\n<p class=\"has-black-color has-text-color has-medium-font-size\">HRY BUDEME DOPL\u0147OVAT A&nbsp;<strong>JEJICH NAB\u00cdDKU ROZ\u0160I\u0158OVAT<\/strong>. POT\u011a\u0160\u00cd N\u00c1S PROTO, KDY\u017d N\u00c1M D\u00c1TE V\u011aD\u011aT, ZDA SE&nbsp;V\u00c1M TATO SLU\u017dBA L\u00cdB\u00cd, \u010cI JAK BYSTE JI P\u0158\u00cdPADN\u011a UPRAVILI, O&nbsp;N\u00c1M\u011aTECH NA&nbsp;NOV\u00c9 HRY NEMLUV\u011a.<\/p>\n\n\n\n<p class=\"has-black-color has-text-color has-medium-font-size\">P\u0159ejeme v\u00e1m p\u0159\u00edjemnou z\u00e1bavu!<\/p>\n","protected":false},"excerpt":{"rendered":"<p>Z\u00e1bava i&nbsp;pou\u010den\u00ed Spole\u010densk\u00e9 stoln\u00ed hry nejsou jen modern\u00ed z\u00e1le\u017eitost\u00ed. \u0158ada klasick\u00fdch her m\u00e1 sv\u016fj p\u016fvod ji\u017e ve&nbsp;starov\u011bku, lid\u00e9 se&nbsp;bavili a&nbsp;kr\u00e1tili si dlouh\u00e9 chv\u00edle. Hry jsou zdrojem z\u00e1bavy a&nbsp;radosti, slou\u017e\u00ed ale tak\u00e9 ke&nbsp;vzd\u011bl\u00e1v\u00e1n\u00ed. Hran\u00ed her posiluje komunikaci a&nbsp;mezilidsk\u00e9 vztahy. Seznam her v katalogu Tritius Pravidla p\u016fj\u010dov\u00e1n\u00ed stoln\u00edch deskov\u00fdch a karetn\u00edch her: P\u016fj\u010dov\u00e1n\u00ed: Vracen\u00ed: Po\u0161kozen\u00ed \u010di ztr\u00e1ta: [&hellip;]<\/p>\n","protected":false},"author":1,"featured_media":209,"parent":162,"menu_order":1,"comment_status":"closed","ping_status":"closed","template":"","meta":{"_monsterinsights_skip_tracking":false,"_monsterinsights_sitenote_active":false,"_monsterinsights_sitenote_note":"","_monsterinsights_sitenote_category":0,"footnotes":""},"class_list":["post-164","page","type-page","status-publish","has-post-thumbnail","hentry"],"_links":{"self":[{"href":"https:\/\/knihovna.praha19.cz\/index.php?rest_route=\/wp\/v2\/pages\/164","targetHints":{"allow":["GET"]}}],"collection":[{"href":"https:\/\/knihovna.praha19.cz\/index.php?rest_route=\/wp\/v2\/pages"}],"about":[{"href":"https:\/\/knihovna.praha19.cz\/index.php?rest_route=\/wp\/v2\/types\/page"}],"author":[{"embeddable":true,"href":"https:\/\/knihovna.praha19.cz\/index.php?rest_route=\/wp\/v2\/users\/1"}],"replies":[{"embeddable":true,"href":"https:\/\/knihovna.praha19.cz\/index.php?rest_route=%2Fwp%2Fv2%2Fcomments&post=164"}],"version-history":[{"count":9,"href":"https:\/\/knihovna.praha19.cz\/index.php?rest_route=\/wp\/v2\/pages\/164\/revisions"}],"predecessor-version":[{"id":1019,"href":"https:\/\/knihovna.praha19.cz\/index.php?rest_route=\/wp\/v2\/pages\/164\/revisions\/1019"}],"up":[{"embeddable":true,"href":"https:\/\/knihovna.praha19.cz\/index.php?rest_route=\/wp\/v2\/pages\/162"}],"wp:featuredmedia":[{"embeddable":true,"href":"https:\/\/knihovna.praha19.cz\/index.php?rest_route=\/wp\/v2\/media\/209"}],"wp:attachment":[{"href":"https:\/\/knihovna.praha19.cz\/index.php?rest_route=%2Fwp%2Fv2%2Fmedia&parent=164"}],"curies":[{"name":"wp","href":"https:\/\/api.w.org\/{rel}","templated":true}]}}