{"id":166,"date":"2023-02-15T11:25:05","date_gmt":"2023-02-15T09:25:05","guid":{"rendered":"https:\/\/knihovna.praha19.cz\/?page_id=166"},"modified":"2023-08-09T16:04:11","modified_gmt":"2023-08-09T14:04:11","slug":"pujcovani-periodik","status":"publish","type":"page","link":"https:\/\/knihovna.praha19.cz\/?page_id=166","title":{"rendered":"P\u016fj\u010dov\u00e1n\u00ed periodik"},"content":{"rendered":"\n<p><\/p>\n\n\n\n<p class=\"has-medium-font-size\"><strong><a href=\"https:\/\/raks.mlp.cz\/library\/kbely\/advanced?area=2447&amp;rows%5B0%5D.searchFieldItem=-13&amp;rows%5B0%5D.value=&amp;rows%5B1%5D.searchFieldItem=-32&amp;rows%5B1%5D.value=*&amp;rows%5B2%5D.searchFieldItem=-21&amp;rows%5B2%5D.value=&amp;rows%5B3%5D.searchFieldItem=-31&amp;rows%5B3%5D.value=&amp;allsrc=on&amp;_csrf=ff7a95d8-c4b4-42cd-bdbb-0192c76dc4b0\">Seznam periodik v katalogu Tritius<\/a><\/strong><\/p>\n\n\n\n<p class=\"has-black-color has-text-color has-medium-font-size\">M\u016f\u017eete si u&nbsp;n\u00e1s vyp\u016fj\u010dit jak\u00e9koli periodikum z&nbsp;na\u0161\u00ed nab\u00eddky.<\/p>\n\n\n\n<ul class=\"wp-block-list\">\n<li class=\"has-medium-font-size\"><a href=\"https:\/\/raks.mlp.cz\/library\/kbely\/detail\/219240?search=18b11648-afb2-424a-a03c-13ec5cb01325&amp;si=6\">Marianne Bydlen\u00ed<\/a><\/li>\n\n\n\n<li class=\"has-medium-font-size\"><a href=\"https:\/\/raks.mlp.cz\/library\/kbely\/detail\/239304?search=18b11648-afb2-424a-a03c-13ec5cb01325&amp;si=5\">Na\u0161e kr\u00e1sn\u00e1 zahrada<\/a><\/li>\n\n\n\n<li class=\"has-medium-font-size\"><a href=\"https:\/\/raks.mlp.cz\/library\/kbely\/detail\/240379?search=18b11648-afb2-424a-a03c-13ec5cb01325&amp;si=8\">Rozmar\u00fdna<\/a><\/li>\n\n\n\n<li class=\"has-medium-font-size\"><a href=\"https:\/\/raks.mlp.cz\/library\/kbely\/detail\/11495?search=18b11648-afb2-424a-a03c-13ec5cb01325&amp;si=7\">Vlasta<\/a><\/li>\n\n\n\n<li class=\"has-medium-font-size\"><a href=\"https:\/\/raks.mlp.cz\/library\/kbely\/detail\/342822?search=18b11648-afb2-424a-a03c-13ec5cb01325&amp;si=4\">V\u00e1lka revue<\/a><\/li>\n\n\n\n<li class=\"has-medium-font-size\"><a href=\"https:\/\/raks.mlp.cz\/library\/kbely\/detail\/342821?search=18b11648-afb2-424a-a03c-13ec5cb01325&amp;si=3\">Extra v\u00e1lka : II. sv\u011btov\u00e1<\/a><\/li>\n<\/ul>\n","protected":false},"excerpt":{"rendered":"<p>Seznam periodik v katalogu Tritius M\u016f\u017eete si u&nbsp;n\u00e1s vyp\u016fj\u010dit jak\u00e9koli periodikum z&nbsp;na\u0161\u00ed nab\u00eddky.<\/p>\n","protected":false},"author":1,"featured_media":210,"parent":162,"menu_order":2,"comment_status":"closed","ping_status":"closed","template":"","meta":{"_monsterinsights_skip_tracking":false,"_monsterinsights_sitenote_active":false,"_monsterinsights_sitenote_note":"","_monsterinsights_sitenote_category":0,"footnotes":""},"class_list":["post-166","page","type-page","status-publish","has-post-thumbnail","hentry"],"_links":{"self":[{"href":"https:\/\/knihovna.praha19.cz\/index.php?rest_route=\/wp\/v2\/pages\/166","targetHints":{"allow":["GET"]}}],"collection":[{"href":"https:\/\/knihovna.praha19.cz\/index.php?rest_route=\/wp\/v2\/pages"}],"about":[{"href":"https:\/\/knihovna.praha19.cz\/index.php?rest_route=\/wp\/v2\/types\/page"}],"author":[{"embeddable":true,"href":"https:\/\/knihovna.praha19.cz\/index.php?rest_route=\/wp\/v2\/users\/1"}],"replies":[{"embeddable":true,"href":"https:\/\/knihovna.praha19.cz\/index.php?rest_route=%2Fwp%2Fv2%2Fcomments&post=166"}],"version-history":[{"count":5,"href":"https:\/\/knihovna.praha19.cz\/index.php?rest_route=\/wp\/v2\/pages\/166\/revisions"}],"predecessor-version":[{"id":591,"href":"https:\/\/knihovna.praha19.cz\/index.php?rest_route=\/wp\/v2\/pages\/166\/revisions\/591"}],"up":[{"embeddable":true,"href":"https:\/\/knihovna.praha19.cz\/index.php?rest_route=\/wp\/v2\/pages\/162"}],"wp:featuredmedia":[{"embeddable":true,"href":"https:\/\/knihovna.praha19.cz\/index.php?rest_route=\/wp\/v2\/media\/210"}],"wp:attachment":[{"href":"https:\/\/knihovna.praha19.cz\/index.php?rest_route=%2Fwp%2Fv2%2Fmedia&parent=166"}],"curies":[{"name":"wp","href":"https:\/\/api.w.org\/{rel}","templated":true}]}}