{"id":168,"date":"2023-02-15T11:28:57","date_gmt":"2023-02-15T09:28:57","guid":{"rendered":"https:\/\/knihovna.praha19.cz\/?page_id=168"},"modified":"2024-01-03T18:35:19","modified_gmt":"2024-01-03T16:35:19","slug":"pristup-k-internetu","status":"publish","type":"page","link":"https:\/\/knihovna.praha19.cz\/?page_id=168","title":{"rendered":"P\u0159\u00edstup k\u00a0internetu"},"content":{"rendered":"\n<p><\/p>\n\n\n\n<p class=\"has-black-color has-text-color has-medium-font-size\">V knihovn\u011b je k\u00a0dispozici p\u0159\u00edstup na\u00a0<strong>INTERNET ZDARMA<\/strong>. P\u0159\u00edstup na\u00a0internet m\u00e1\u00a0stejn\u00fd re\u017eim jako nap\u0159.\u00a0v\u00fdp\u016fj\u010dka knihy viz <a href=\"https:\/\/knihovna.praha19.cz\/o-knihovne\/knihovni-rad\/\">knihovn\u00ed \u0159\u00e1d<\/a>.<\/p>\n\n\n\n<p class=\"has-black-color has-text-color has-medium-font-size\">V KNIHOVN\u011a JE NAV\u00cdC WI-FI P\u0158IPOJEN\u00cd, tak\u017ee je mo\u017en\u00e9 zde pracovat se&nbsp;sv\u00fdm mobilem, tabletem \u010di notebookem. (n\u00e1zev WiFi: P19_Free, p\u0159\u00edstup bez hesla)<\/p>\n","protected":false},"excerpt":{"rendered":"<p>V knihovn\u011b je k\u00a0dispozici p\u0159\u00edstup na\u00a0INTERNET ZDARMA. P\u0159\u00edstup na\u00a0internet m\u00e1\u00a0stejn\u00fd re\u017eim jako nap\u0159.\u00a0v\u00fdp\u016fj\u010dka knihy viz knihovn\u00ed \u0159\u00e1d. V KNIHOVN\u011a JE NAV\u00cdC WI-FI P\u0158IPOJEN\u00cd, tak\u017ee je mo\u017en\u00e9 zde pracovat se&nbsp;sv\u00fdm mobilem, tabletem \u010di notebookem. (n\u00e1zev WiFi: P19_Free, p\u0159\u00edstup bez hesla)<\/p>\n","protected":false},"author":1,"featured_media":215,"parent":162,"menu_order":7,"comment_status":"closed","ping_status":"closed","template":"","meta":{"_monsterinsights_skip_tracking":false,"_monsterinsights_sitenote_active":false,"_monsterinsights_sitenote_note":"","_monsterinsights_sitenote_category":0,"footnotes":""},"class_list":["post-168","page","type-page","status-publish","has-post-thumbnail","hentry"],"_links":{"self":[{"href":"https:\/\/knihovna.praha19.cz\/index.php?rest_route=\/wp\/v2\/pages\/168","targetHints":{"allow":["GET"]}}],"collection":[{"href":"https:\/\/knihovna.praha19.cz\/index.php?rest_route=\/wp\/v2\/pages"}],"about":[{"href":"https:\/\/knihovna.praha19.cz\/index.php?rest_route=\/wp\/v2\/types\/page"}],"author":[{"embeddable":true,"href":"https:\/\/knihovna.praha19.cz\/index.php?rest_route=\/wp\/v2\/users\/1"}],"replies":[{"embeddable":true,"href":"https:\/\/knihovna.praha19.cz\/index.php?rest_route=%2Fwp%2Fv2%2Fcomments&post=168"}],"version-history":[{"count":4,"href":"https:\/\/knihovna.praha19.cz\/index.php?rest_route=\/wp\/v2\/pages\/168\/revisions"}],"predecessor-version":[{"id":900,"href":"https:\/\/knihovna.praha19.cz\/index.php?rest_route=\/wp\/v2\/pages\/168\/revisions\/900"}],"up":[{"embeddable":true,"href":"https:\/\/knihovna.praha19.cz\/index.php?rest_route=\/wp\/v2\/pages\/162"}],"wp:featuredmedia":[{"embeddable":true,"href":"https:\/\/knihovna.praha19.cz\/index.php?rest_route=\/wp\/v2\/media\/215"}],"wp:attachment":[{"href":"https:\/\/knihovna.praha19.cz\/index.php?rest_route=%2Fwp%2Fv2%2Fmedia&parent=168"}],"curies":[{"name":"wp","href":"https:\/\/api.w.org\/{rel}","templated":true}]}}