{"id":17,"date":"2022-12-02T11:51:17","date_gmt":"2022-12-02T09:51:17","guid":{"rendered":"https:\/\/knihovna.praha19.cz\/?page_id=17"},"modified":"2024-01-03T17:28:45","modified_gmt":"2024-01-03T15:28:45","slug":"knihovni-rad","status":"publish","type":"page","link":"https:\/\/knihovna.praha19.cz\/?page_id=17","title":{"rendered":"Knihovn\u00ed \u0159\u00e1d"},"content":{"rendered":"\n<p><\/p>\n\n\n\n<p class=\"has-black-color has-text-color has-medium-font-size\">Knihovn\u00ed \u0159\u00e1d M\u00edstn\u00ed knihovny ve Kbel\u00edch je z\u00e1kladn\u00edm dokumentem, kter\u00fd upravuje vztahy mezi knihovnou a jej\u00edmi u\u017eivateli. Popisuje pr\u00e1va a povinnosti registrovan\u00e9ho \u010dten\u00e1\u0159e a pr\u00e1va a povinnosti knihovny vypl\u00fdvaj\u00edc\u00ed ze vz\u00e1jemn\u00e9ho pr\u00e1vn\u00edho vztahu stvrzen\u00e9ho podpisem p\u0159ihl\u00e1\u0161ky.<\/p>\n\n\n\n<p class=\"has-black-color has-text-color has-medium-font-size\">Knihovn\u00ed \u0159\u00e1d obsahuje tak\u00e9 ustanoven\u00ed t\u00fdkaj\u00edc\u00ed se v\u0161ech n\u00e1v\u0161t\u011bvn\u00edk\u016f a upravuje tak pravidla pro pobytov\u00e9 slu\u017eby knihovny.<\/p>\n\n\n\n<h2 class=\"wp-block-heading has-black-color has-text-color has-medium-font-size\">Knihovn\u00ed \u0159\u00e1d schv\u00e1len\u00fd usnesen\u00edm Rady M\u010c Praha 19 \u010d.447\/23\/Knihovna na sv\u00e9m 37. zased\u00e1n\u00ed dne 14.11.2023<\/h2>\n\n\n\n<p class=\"has-luminous-vivid-orange-color has-text-color has-link-color has-medium-font-size wp-elements-0e9a055519dba8b72e74b02e08cdc31d\"><a href=\"https:\/\/www.mlp.cz\/cz\/dokumenty\/?act=get&amp;check=c7fb9ebf6a8c235a7c3fa27bf9ca022d&amp;id=2680&amp;noinc=1\"><\/a><a href=\"https:\/\/knihovna.praha19.cz\/wp-content\/uploads\/knihovni_rad_Kbely1_plnaverze.pdf\">St\u00e1hn\u011bte si knihovn\u00ed \u0159\u00e1d v\u00a0PDF<\/a>\u00a0[PDF, 599\u00a0kB]<\/p>\n","protected":false},"excerpt":{"rendered":"<p>Knihovn\u00ed \u0159\u00e1d M\u00edstn\u00ed knihovny ve Kbel\u00edch je z\u00e1kladn\u00edm dokumentem, kter\u00fd upravuje vztahy mezi knihovnou a jej\u00edmi u\u017eivateli. Popisuje pr\u00e1va a povinnosti registrovan\u00e9ho \u010dten\u00e1\u0159e a pr\u00e1va a povinnosti knihovny vypl\u00fdvaj\u00edc\u00ed ze vz\u00e1jemn\u00e9ho pr\u00e1vn\u00edho vztahu stvrzen\u00e9ho podpisem p\u0159ihl\u00e1\u0161ky. Knihovn\u00ed \u0159\u00e1d obsahuje tak\u00e9 ustanoven\u00ed t\u00fdkaj\u00edc\u00ed se v\u0161ech n\u00e1v\u0161t\u011bvn\u00edk\u016f a upravuje tak pravidla pro pobytov\u00e9 slu\u017eby knihovny. Knihovn\u00ed \u0159\u00e1d [&hellip;]<\/p>\n","protected":false},"author":1,"featured_media":139,"parent":13,"menu_order":3,"comment_status":"closed","ping_status":"closed","template":"","meta":{"_monsterinsights_skip_tracking":false,"_monsterinsights_sitenote_active":false,"_monsterinsights_sitenote_note":"","_monsterinsights_sitenote_category":0,"footnotes":""},"class_list":["post-17","page","type-page","status-publish","has-post-thumbnail","hentry"],"_links":{"self":[{"href":"https:\/\/knihovna.praha19.cz\/index.php?rest_route=\/wp\/v2\/pages\/17","targetHints":{"allow":["GET"]}}],"collection":[{"href":"https:\/\/knihovna.praha19.cz\/index.php?rest_route=\/wp\/v2\/pages"}],"about":[{"href":"https:\/\/knihovna.praha19.cz\/index.php?rest_route=\/wp\/v2\/types\/page"}],"author":[{"embeddable":true,"href":"https:\/\/knihovna.praha19.cz\/index.php?rest_route=\/wp\/v2\/users\/1"}],"replies":[{"embeddable":true,"href":"https:\/\/knihovna.praha19.cz\/index.php?rest_route=%2Fwp%2Fv2%2Fcomments&post=17"}],"version-history":[{"count":8,"href":"https:\/\/knihovna.praha19.cz\/index.php?rest_route=\/wp\/v2\/pages\/17\/revisions"}],"predecessor-version":[{"id":884,"href":"https:\/\/knihovna.praha19.cz\/index.php?rest_route=\/wp\/v2\/pages\/17\/revisions\/884"}],"up":[{"embeddable":true,"href":"https:\/\/knihovna.praha19.cz\/index.php?rest_route=\/wp\/v2\/pages\/13"}],"wp:featuredmedia":[{"embeddable":true,"href":"https:\/\/knihovna.praha19.cz\/index.php?rest_route=\/wp\/v2\/media\/139"}],"wp:attachment":[{"href":"https:\/\/knihovna.praha19.cz\/index.php?rest_route=%2Fwp%2Fv2%2Fmedia&parent=17"}],"curies":[{"name":"wp","href":"https:\/\/api.w.org\/{rel}","templated":true}]}}