{"id":170,"date":"2023-02-15T11:31:21","date_gmt":"2023-02-15T09:31:21","guid":{"rendered":"https:\/\/knihovna.praha19.cz\/?page_id=170"},"modified":"2023-11-13T17:56:06","modified_gmt":"2023-11-13T15:56:06","slug":"besedy-pro-skolky-a-skoly","status":"publish","type":"page","link":"https:\/\/knihovna.praha19.cz\/?page_id=170","title":{"rendered":"Besedy pro \u0161kolky a \u0161koly"},"content":{"rendered":"\n<p><\/p>\n\n\n\n<p class=\"has-black-color has-text-color has-link-color has-medium-font-size wp-elements-dd9d44337d0738ef172ea555285dd6a4\">V\u00a0pr\u016fb\u011bhu cel\u00e9ho \u0161koln\u00edho roku nab\u00edz\u00edme liter\u00e1rn\u00ed besedy a knihovnick\u00e9 lekce pro mate\u0159sk\u00e9 a z\u00e1kladn\u00ed \u0161koly. Tyto workshopy dopl\u0148uj\u00ed r\u00e1mcov\u00e9 a \u0161koln\u00ed vzd\u011bl\u00e1vac\u00ed programy. D\u00e9lka besedy se pohybuje cca 45 &#8211; 60 minut a obvykle za\u010d\u00edn\u00e1 v\u00a0\u010dasov\u00e9m rozmez\u00ed mezi 8.00 &#8211; 10.00 hodinou. P\u0159esn\u00fd term\u00edn i hodinu kon\u00e1n\u00ed je nutn\u00e9 dohodnout p\u0159\u00edmo s\u00a0knihovnic\u00ed M\u00edstn\u00ed knihovny Kbely, tel.: 284\u00a0080\u00a0878, 734\u00a0681\u00a0683, e-mail: info@knihovna.praha19.cz.<\/p>\n\n\n\n<p class=\"has-black-color has-text-color has-link-color has-medium-font-size wp-elements-47352c11af7f67216d6e893e0ed5cdaa\">Akce jsou zdarma!<\/p>\n\n\n\n<details class=\"wp-block-details has-black-color has-text-color has-background has-link-color has-medium-font-size wp-elements-b6058fabb9d08da2a039cb554a8eeb74 is-layout-flow wp-block-details-is-layout-flow\" style=\"background-color:#eea770\"><summary><strong>Liter\u00e1rn\u00ed programy pro M\u0160<\/strong><\/summary>\n<ul class=\"wp-block-list\">\n<li>Poprv\u00e9 v&nbsp;knihovn\u011b, jak vznik\u00e1 kniha, moje prvn\u00ed \u010dten\u00ed<\/li>\n<\/ul>\n\n\n\n<ul class=\"wp-block-list\">\n<li>Na co si hrajeme, k\u00fdm chceme b\u00fdt<\/li>\n<\/ul>\n\n\n\n<ul class=\"wp-block-list\">\n<li>P\u0159\u00edroda kolem n\u00e1s, ro\u010dn\u00ed obdob\u00ed<\/li>\n<\/ul>\n\n\n\n<ul class=\"wp-block-list\">\n<li>Zv\u00ed\u0159ata a jejich ml\u00e1\u010fata<\/li>\n<\/ul>\n\n\n\n<ul class=\"wp-block-list\">\n<li>Lidsk\u00e9 t\u011blo, moje zdrav\u00ed<\/li>\n<\/ul>\n\n\n\n<ul class=\"wp-block-list\">\n<li>Les a jeho obyvatel\u00e9<\/li>\n<\/ul>\n\n\n\n<ul class=\"wp-block-list\">\n<li>Na\u0161i slavn\u00ed ilustr\u00e1to\u0159i, cesta za poh\u00e1dkou<\/li>\n<\/ul>\n\n\n\n<ul class=\"wp-block-list\">\n<li>Pozn\u00e1v\u00e1me lidov\u00e9 tradice<\/li>\n<\/ul>\n\n\n\n<ul class=\"wp-block-list\">\n<li>Dopravn\u00ed prost\u0159edky, \u010d\u00edm cestujeme<\/li>\n<\/ul>\n\n\n\n<ul class=\"wp-block-list\">\n<li>Vesm\u00edr, planety a souhv\u011bzd\u00ed<\/li>\n<\/ul>\n\n\n\n<ul class=\"wp-block-list\">\n<li>Etiketa, jak se spr\u00e1vn\u011b chovat<\/li>\n<\/ul>\n\n\n\n<ul class=\"wp-block-list\">\n<li>Adventn\u00ed \u010das a V\u00e1noce<\/li>\n<\/ul>\n<\/details>\n\n\n\n<div style=\"height:26px\" aria-hidden=\"true\" class=\"wp-block-spacer\"><\/div>\n\n\n\n<details class=\"wp-block-details has-black-color has-text-color has-background has-link-color has-medium-font-size wp-elements-c735cc7439e9775a2bc21484cb54b54f is-layout-flow wp-block-details-is-layout-flow\" style=\"background-color:#eea770\"><summary><strong>Liter\u00e1rn\u00ed programy pro Z\u0160<\/strong><\/summary>\n<ul class=\"wp-block-list\">\n<li>Sezn\u00e1men\u00ed s&nbsp;knihovnou<\/li>\n<\/ul>\n\n\n\n<ul class=\"wp-block-list\">\n<li>Jak vznik\u00e1 kniha, historie knihoven<\/li>\n<\/ul>\n\n\n\n<ul class=\"wp-block-list\">\n<li>Slavn\u00e1 \u010desk\u00e1 nakladatelstv\u00ed knih pro d\u011bti<\/li>\n<\/ul>\n\n\n\n<ul class=\"wp-block-list\">\n<li>Prvn\u00ed \u010dten\u00ed<\/li>\n<\/ul>\n\n\n\n<ul class=\"wp-block-list\">\n<li>B\u00e1je, pov\u011bsti a legendy<\/li>\n<\/ul>\n\n\n\n<ul class=\"wp-block-list\">\n<li>Na\u0161i slavn\u00ed ilustr\u00e1to\u0159i<\/li>\n<\/ul>\n\n\n\n<ul class=\"wp-block-list\">\n<li>Komiksy<\/li>\n<\/ul>\n\n\n\n<ul class=\"wp-block-list\">\n<li>Fantasy literatura<\/li>\n<\/ul>\n\n\n\n<ul class=\"wp-block-list\">\n<li>Dobrodru\u017en\u00e1 literatura<\/li>\n<\/ul>\n\n\n\n<ul class=\"wp-block-list\">\n<li>Poh\u00e1dky (lidov\u00e1 tradice i sou\u010dasnost)<\/li>\n<\/ul>\n\n\n\n<ul class=\"wp-block-list\">\n<li>Exilov\u00e1 literatura<\/li>\n<\/ul>\n\n\n\n<ul class=\"wp-block-list\">\n<li>Kbely &#8211; &nbsp;historie i sou\u010dasnost<\/li>\n<\/ul>\n\n\n\n<ul class=\"wp-block-list\">\n<li>Svat\u00e1 cesta \u2013 Via Sancta<\/li>\n<\/ul>\n\n\n\n<ul class=\"wp-block-list\">\n<li>Josef Lada<\/li>\n<\/ul>\n\n\n\n<ul class=\"wp-block-list\">\n<li>Karel \u010capek + Josef \u010capek<\/li>\n<\/ul>\n\n\n\n<ul class=\"wp-block-list\">\n<li>Osvobozen\u00e9 divadlo V+W+J<\/li>\n<\/ul>\n\n\n\n<ul class=\"wp-block-list\">\n<li>Astrid Lindgrenov\u00e1<\/li>\n<\/ul>\n\n\n\n<ul class=\"wp-block-list\">\n<li>Hans Christian Andersen<\/li>\n<\/ul>\n\n\n\n<ul class=\"wp-block-list\">\n<li>Bohumil Hrabal + Ota Pavel<\/li>\n<\/ul>\n\n\n\n<ul class=\"wp-block-list\">\n<li>Bo\u017eena N\u011bmcov\u00e1<\/li>\n<\/ul>\n<\/details>\n\n\n\n<div style=\"height:26px\" aria-hidden=\"true\" class=\"wp-block-spacer\"><\/div>\n","protected":false},"excerpt":{"rendered":"<p>V\u00a0pr\u016fb\u011bhu cel\u00e9ho \u0161koln\u00edho roku nab\u00edz\u00edme liter\u00e1rn\u00ed besedy a knihovnick\u00e9 lekce pro mate\u0159sk\u00e9 a z\u00e1kladn\u00ed \u0161koly. Tyto workshopy dopl\u0148uj\u00ed r\u00e1mcov\u00e9 a \u0161koln\u00ed vzd\u011bl\u00e1vac\u00ed programy. D\u00e9lka besedy se pohybuje cca 45 &#8211; 60 minut a obvykle za\u010d\u00edn\u00e1 v\u00a0\u010dasov\u00e9m rozmez\u00ed mezi 8.00 &#8211; 10.00 hodinou. P\u0159esn\u00fd term\u00edn i hodinu kon\u00e1n\u00ed je nutn\u00e9 dohodnout p\u0159\u00edmo s\u00a0knihovnic\u00ed M\u00edstn\u00ed knihovny Kbely, [&hellip;]<\/p>\n","protected":false},"author":1,"featured_media":217,"parent":162,"menu_order":3,"comment_status":"closed","ping_status":"closed","template":"","meta":{"_monsterinsights_skip_tracking":false,"_monsterinsights_sitenote_active":false,"_monsterinsights_sitenote_note":"","_monsterinsights_sitenote_category":0,"footnotes":""},"class_list":["post-170","page","type-page","status-publish","has-post-thumbnail","hentry"],"_links":{"self":[{"href":"https:\/\/knihovna.praha19.cz\/index.php?rest_route=\/wp\/v2\/pages\/170","targetHints":{"allow":["GET"]}}],"collection":[{"href":"https:\/\/knihovna.praha19.cz\/index.php?rest_route=\/wp\/v2\/pages"}],"about":[{"href":"https:\/\/knihovna.praha19.cz\/index.php?rest_route=\/wp\/v2\/types\/page"}],"author":[{"embeddable":true,"href":"https:\/\/knihovna.praha19.cz\/index.php?rest_route=\/wp\/v2\/users\/1"}],"replies":[{"embeddable":true,"href":"https:\/\/knihovna.praha19.cz\/index.php?rest_route=%2Fwp%2Fv2%2Fcomments&post=170"}],"version-history":[{"count":11,"href":"https:\/\/knihovna.praha19.cz\/index.php?rest_route=\/wp\/v2\/pages\/170\/revisions"}],"predecessor-version":[{"id":859,"href":"https:\/\/knihovna.praha19.cz\/index.php?rest_route=\/wp\/v2\/pages\/170\/revisions\/859"}],"up":[{"embeddable":true,"href":"https:\/\/knihovna.praha19.cz\/index.php?rest_route=\/wp\/v2\/pages\/162"}],"wp:featuredmedia":[{"embeddable":true,"href":"https:\/\/knihovna.praha19.cz\/index.php?rest_route=\/wp\/v2\/media\/217"}],"wp:attachment":[{"href":"https:\/\/knihovna.praha19.cz\/index.php?rest_route=%2Fwp%2Fv2%2Fmedia&parent=170"}],"curies":[{"name":"wp","href":"https:\/\/api.w.org\/{rel}","templated":true}]}}