{"id":172,"date":"2023-02-15T11:33:45","date_gmt":"2023-02-15T09:33:45","guid":{"rendered":"https:\/\/knihovna.praha19.cz\/?page_id=172"},"modified":"2024-01-03T17:32:35","modified_gmt":"2024-01-03T15:32:35","slug":"mvs-meziknihovni-vypujcni-sluzba","status":"publish","type":"page","link":"https:\/\/knihovna.praha19.cz\/?page_id=172","title":{"rendered":"MVS (meziknihovn\u00ed v\u00fdp\u016fj\u010dn\u00ed slu\u017eba)"},"content":{"rendered":"\n<p><\/p>\n\n\n\n<p class=\"has-black-color has-text-color has-link-color has-medium-font-size wp-elements-0a1afab142d0d6f62e3b4c9b013f9293\">Meziknihovn\u00ed v\u00fdp\u016fj\u010dn\u00ed slu\u017eba (d\u00e1le jen MVS) umo\u017en\u00ed registrovan\u00e9mu u\u017eivateli z\u00edskat v\u00fdp\u016fj\u010dku (\u010di jej\u00ed kopii) z&nbsp;jin\u00e9 knihovny. Tato slu\u017eba m\u016f\u017ee b\u00fdt prov\u00e1d\u011bna v&nbsp;r\u00e1mci jednoho st\u00e1tu nebo v&nbsp;mezin\u00e1rodn\u00edm m\u011b\u0159\u00edtku. Meziknihovn\u00ed slu\u017ebu zprost\u0159edkuje knihovna na po\u017e\u00e1d\u00e1n\u00ed u\u017eivatele podle \u00a714 knihovn\u00edho z\u00e1kona, vyhl\u00e1\u0161ky Ministerstva kultury \u010d. 88\/2002&nbsp; Sb. a metodick\u00fdch pokyn\u016f NK \u010cR.<\/p>\n\n\n\n<p class=\"has-black-color has-text-color has-link-color has-medium-font-size wp-elements-2ae96f77b66d335a97d88d5abe58efca\">Meziknihovn\u00ed v\u00fdp\u016fj\u010dn\u00ed slu\u017ebu poskytujeme jen registrovan\u00fdm \u010dten\u00e1\u0159\u016fm s&nbsp;platn\u00fdm \u010dten\u00e1\u0159sk\u00fdm pr\u016fkazem.&nbsp; Podm\u00ednky v\u00fdp\u016fj\u010dky (nap\u0159. d\u00e9lku v\u00fdp\u016fj\u010dn\u00ed doby apod.) ur\u010duje knihovna, kter\u00e1 po\u017eadovan\u00fd dokument vlastn\u00ed.&nbsp;\u010cten\u00e1\u0159 se zavazuje dodr\u017eet stanovenou v\u00fdp\u016fj\u010dn\u00ed dobu a dokument p\u0159ed jej\u00edm uplynut\u00edm v po\u0159\u00e1dku vr\u00e1tit.<\/p>\n\n\n\n<p class=\"has-black-color has-text-color has-link-color has-medium-font-size wp-elements-af5d6475c61f8a0ba23a0f75944b9b30\">Po\u017eadavky p\u0159ij\u00edm\u00e1me pouze osobn\u011b v&nbsp;knihovn\u011b, kde budete informov\u00e1ni o podm\u00ednk\u00e1ch konkr\u00e9tn\u00ed v\u00fdp\u016fj\u010dky. Doba vy\u0159\u00edzen\u00ed \u017e\u00e1dosti z\u00e1vis\u00ed mj. na moment\u00e1ln\u00ed dostupnosti dokumentu.<\/p>\n\n\n\n<p class=\"has-luminous-vivid-orange-color has-text-color has-link-color has-medium-font-size wp-elements-8a888379cf6602edf936b22a1309923c\">Poplatky za MVS naleznete: <a href=\"https:\/\/knihovna.praha19.cz\/o-knihovne\/knihovni-rad\/\">viz Knihovn\u00ed \u0159\u00e1d \u2013 Cen\u00edk (P\u0159\u00edloha \u010d. 1 ke Knihovn\u00edmu \u0159\u00e1du M\u00edstn\u00ed knihovny Kbely)<\/a><\/p>\n\n\n\n<p><\/p>\n","protected":false},"excerpt":{"rendered":"<p>Meziknihovn\u00ed v\u00fdp\u016fj\u010dn\u00ed slu\u017eba (d\u00e1le jen MVS) umo\u017en\u00ed registrovan\u00e9mu u\u017eivateli z\u00edskat v\u00fdp\u016fj\u010dku (\u010di jej\u00ed kopii) z&nbsp;jin\u00e9 knihovny. Tato slu\u017eba m\u016f\u017ee b\u00fdt prov\u00e1d\u011bna v&nbsp;r\u00e1mci jednoho st\u00e1tu nebo v&nbsp;mezin\u00e1rodn\u00edm m\u011b\u0159\u00edtku. Meziknihovn\u00ed slu\u017ebu zprost\u0159edkuje knihovna na po\u017e\u00e1d\u00e1n\u00ed u\u017eivatele podle \u00a714 knihovn\u00edho z\u00e1kona, vyhl\u00e1\u0161ky Ministerstva kultury \u010d. 88\/2002&nbsp; Sb. a metodick\u00fdch pokyn\u016f NK \u010cR. Meziknihovn\u00ed v\u00fdp\u016fj\u010dn\u00ed slu\u017ebu poskytujeme jen registrovan\u00fdm [&hellip;]<\/p>\n","protected":false},"author":1,"featured_media":222,"parent":162,"menu_order":5,"comment_status":"closed","ping_status":"closed","template":"","meta":{"_monsterinsights_skip_tracking":false,"_monsterinsights_sitenote_active":false,"_monsterinsights_sitenote_note":"","_monsterinsights_sitenote_category":0,"footnotes":""},"class_list":["post-172","page","type-page","status-publish","has-post-thumbnail","hentry"],"_links":{"self":[{"href":"https:\/\/knihovna.praha19.cz\/index.php?rest_route=\/wp\/v2\/pages\/172","targetHints":{"allow":["GET"]}}],"collection":[{"href":"https:\/\/knihovna.praha19.cz\/index.php?rest_route=\/wp\/v2\/pages"}],"about":[{"href":"https:\/\/knihovna.praha19.cz\/index.php?rest_route=\/wp\/v2\/types\/page"}],"author":[{"embeddable":true,"href":"https:\/\/knihovna.praha19.cz\/index.php?rest_route=\/wp\/v2\/users\/1"}],"replies":[{"embeddable":true,"href":"https:\/\/knihovna.praha19.cz\/index.php?rest_route=%2Fwp%2Fv2%2Fcomments&post=172"}],"version-history":[{"count":8,"href":"https:\/\/knihovna.praha19.cz\/index.php?rest_route=\/wp\/v2\/pages\/172\/revisions"}],"predecessor-version":[{"id":885,"href":"https:\/\/knihovna.praha19.cz\/index.php?rest_route=\/wp\/v2\/pages\/172\/revisions\/885"}],"up":[{"embeddable":true,"href":"https:\/\/knihovna.praha19.cz\/index.php?rest_route=\/wp\/v2\/pages\/162"}],"wp:featuredmedia":[{"embeddable":true,"href":"https:\/\/knihovna.praha19.cz\/index.php?rest_route=\/wp\/v2\/media\/222"}],"wp:attachment":[{"href":"https:\/\/knihovna.praha19.cz\/index.php?rest_route=%2Fwp%2Fv2%2Fmedia&parent=172"}],"curies":[{"name":"wp","href":"https:\/\/api.w.org\/{rel}","templated":true}]}}