{"id":174,"date":"2023-02-15T11:39:31","date_gmt":"2023-02-15T09:39:31","guid":{"rendered":"https:\/\/knihovna.praha19.cz\/?page_id=174"},"modified":"2024-01-03T18:45:49","modified_gmt":"2024-01-03T16:45:49","slug":"donaskova-sluzba-seniorum-a-handicapovanym-obcanum","status":"publish","type":"page","link":"https:\/\/knihovna.praha19.cz\/?page_id=174","title":{"rendered":"Don\u00e1\u0161kov\u00e1 slu\u017eba senior\u016fm a handicapovan\u00fdm ob\u010dan\u016fm"},"content":{"rendered":"\n<p><\/p>\n\n\n\n<p class=\"has-black-color has-text-color has-medium-font-size\">Milujete knihy, r\u00e1di \u010dtete \u010di poslouch\u00e1te, ale zdravotn\u00ed stav V\u00e1m neumo\u017e\u0148uje osobn\u011b nav\u0161t\u00edvit knihovnu? Nevad\u00ed, m\u016f\u017eete vyu\u017e\u00edt don\u00e1\u0161kovou slu\u017ebu knihovny, kter\u00e1 je zcela zdarma. Slu\u017eba je ur\u010dena pro zdravotn\u011b znev\u00fdhodn\u011bn\u00e9 ob\u010dany s&nbsp;bydli\u0161t\u011bm ve Kbel\u00edch, pro kter\u00e9 je obt\u00ed\u017en\u00e9, nebo zcela nemo\u017en\u00e9 knihovnu nav\u0161t\u00edvit.<\/p>\n\n\n\n<h3 class=\"wp-block-heading has-black-color has-text-color\">DON\u00c1\u0160KOV\u00c1 SLU\u017dBA<\/h3>\n\n\n\n<p class=\"has-black-color has-text-color has-medium-font-size\">rozvoz knih pro&nbsp;seniory a&nbsp;handicapovan\u00e9 ob\u010dany<\/p>\n\n\n\n<p class=\"has-luminous-vivid-orange-color has-text-color has-medium-font-size\">Jak slu\u017eba funguje?<\/p>\n\n\n\n<p class=\"has-black-color has-text-color has-link-color has-medium-font-size wp-elements-0d5295ff694d4cebd8f4b99e3850e7e1\">Na z\u00e1klad\u011b domluvy s knihovnic\u00ed sd\u011bl\u00edte sv\u00e9 jm\u00e9no, adresu, telefon a o jak\u00e9 tituly m\u00e1te z\u00e1jem.<br>Domluvit se m\u016f\u017eete osobn\u011b, p\u0159es n\u011bkoho zn\u00e1m\u00e9ho \u010di pe\u010dovatelku, telefonicky nebo p\u0159es e-mail.<br>Knihy budeme doru\u010dovat jednou t\u00fddn\u011b, v\u017edy v \u00fater\u00fd nebo ve \u010dtvrtek v \u010dase od 12 do 15 hodin, z\u00e1le\u017e\u00ed na individu\u00e1ln\u00ed domluv\u011b.<br>Podm\u00ednkou je platn\u00fd \u010dten\u00e1\u0159sk\u00fd pr\u016fkaz a zaplacen\u00fd ro\u010dn\u00ed \u010dten\u00e1\u0159sk\u00fd poplatek, bydli\u0161t\u011b ve Kbel\u00edch a imobilita.<br>Poskytov\u00e1n\u00ed slu\u017eby m\u016f\u017ee b\u00fdt ukon\u010deno, pokud se \u010dten\u00e1\u0159 nebude opakovan\u011b vyskytovat v domluvenou dobu na uveden\u00e9 adrese nebo bude m\u00edt nevy\u0159\u00edzen\u00e9 pohled\u00e1vky v\u016f\u010di knihov\u011b.<\/p>\n\n\n\n<p class=\"has-black-color has-text-color has-medium-font-size\"><strong><u>Co si mohu objednat?<\/u><\/strong><\/p>\n\n\n\n<p class=\"has-black-color has-text-color has-medium-font-size\">Knihy, audioknihy, \u010dasopisy. V\u0161echny dokumenty je mo\u017en\u00e9 vyb\u00edrat pomoc\u00ed on-line katalogu na webu knihovny, nebo m\u016f\u017eete vyu\u017e\u00edt doporu\u010den\u00ed knihovnice. Na jednu v\u00fdp\u016fj\u010dku si m\u016f\u017eete objednat max. 15 dokument\u016f.<\/p>\n\n\n\n<p class=\"has-luminous-vivid-orange-color has-text-color has-medium-font-size\">Kontakt:<\/p>\n\n\n\n<p class=\"has-black-color has-text-color has-medium-font-size\"><strong>knihovnice: Iveta Novotn\u00e1 \u2013 Telefon: 284 08 08 78<\/strong>, <strong>e-mail:&nbsp;<a href=\"mailto:info@knihovna.praha19.cz\">info@knihovna.praha19.cz<\/a><\/strong><\/p>\n\n\n\n<p class=\"has-black-color has-text-color has-medium-font-size\">V provozn\u00ed dobu knihovny m\u016f\u017eete volat i na mobil:&nbsp;<strong><a href=\"tel:+420734681683\">734 681 683<\/a><\/strong><\/p>\n","protected":false},"excerpt":{"rendered":"<p>Milujete knihy, r\u00e1di \u010dtete \u010di poslouch\u00e1te, ale zdravotn\u00ed stav V\u00e1m neumo\u017e\u0148uje osobn\u011b nav\u0161t\u00edvit knihovnu? Nevad\u00ed, m\u016f\u017eete vyu\u017e\u00edt don\u00e1\u0161kovou slu\u017ebu knihovny, kter\u00e1 je zcela zdarma. Slu\u017eba je ur\u010dena pro zdravotn\u011b znev\u00fdhodn\u011bn\u00e9 ob\u010dany s&nbsp;bydli\u0161t\u011bm ve Kbel\u00edch, pro kter\u00e9 je obt\u00ed\u017en\u00e9, nebo zcela nemo\u017en\u00e9 knihovnu nav\u0161t\u00edvit. DON\u00c1\u0160KOV\u00c1 SLU\u017dBA rozvoz knih pro&nbsp;seniory a&nbsp;handicapovan\u00e9 ob\u010dany Jak slu\u017eba funguje? Na z\u00e1klad\u011b [&hellip;]<\/p>\n","protected":false},"author":1,"featured_media":219,"parent":162,"menu_order":7,"comment_status":"closed","ping_status":"closed","template":"","meta":{"_monsterinsights_skip_tracking":false,"_monsterinsights_sitenote_active":false,"_monsterinsights_sitenote_note":"","_monsterinsights_sitenote_category":0,"footnotes":""},"class_list":["post-174","page","type-page","status-publish","has-post-thumbnail","hentry"],"_links":{"self":[{"href":"https:\/\/knihovna.praha19.cz\/index.php?rest_route=\/wp\/v2\/pages\/174","targetHints":{"allow":["GET"]}}],"collection":[{"href":"https:\/\/knihovna.praha19.cz\/index.php?rest_route=\/wp\/v2\/pages"}],"about":[{"href":"https:\/\/knihovna.praha19.cz\/index.php?rest_route=\/wp\/v2\/types\/page"}],"author":[{"embeddable":true,"href":"https:\/\/knihovna.praha19.cz\/index.php?rest_route=\/wp\/v2\/users\/1"}],"replies":[{"embeddable":true,"href":"https:\/\/knihovna.praha19.cz\/index.php?rest_route=%2Fwp%2Fv2%2Fcomments&post=174"}],"version-history":[{"count":8,"href":"https:\/\/knihovna.praha19.cz\/index.php?rest_route=\/wp\/v2\/pages\/174\/revisions"}],"predecessor-version":[{"id":904,"href":"https:\/\/knihovna.praha19.cz\/index.php?rest_route=\/wp\/v2\/pages\/174\/revisions\/904"}],"up":[{"embeddable":true,"href":"https:\/\/knihovna.praha19.cz\/index.php?rest_route=\/wp\/v2\/pages\/162"}],"wp:featuredmedia":[{"embeddable":true,"href":"https:\/\/knihovna.praha19.cz\/index.php?rest_route=\/wp\/v2\/media\/219"}],"wp:attachment":[{"href":"https:\/\/knihovna.praha19.cz\/index.php?rest_route=%2Fwp%2Fv2%2Fmedia&parent=174"}],"curies":[{"name":"wp","href":"https:\/\/api.w.org\/{rel}","templated":true}]}}