{"id":176,"date":"2023-02-15T11:41:14","date_gmt":"2023-02-15T09:41:14","guid":{"rendered":"https:\/\/knihovna.praha19.cz\/?page_id=176"},"modified":"2024-03-21T01:09:27","modified_gmt":"2024-03-20T23:09:27","slug":"prezencni-pujcovani-knih","status":"publish","type":"page","link":"https:\/\/knihovna.praha19.cz\/?page_id=176","title":{"rendered":"Prezen\u010dn\u00ed p\u016fj\u010dov\u00e1n\u00ed knih"},"content":{"rendered":"\n<div style=\"height:100px\" aria-hidden=\"true\" class=\"wp-block-spacer\"><\/div>\n\n\n\n<p class=\"has-black-color has-text-color has-medium-font-size\"><strong>Prezen\u010dn\u00ed v\u00fdp\u016fj\u010dka:<\/strong>&nbsp;<\/p>\n\n\n\n<p class=\"has-black-color has-text-color has-medium-font-size\">dokument se p\u016fj\u010duje jen v prostor\u00e1ch knihovny.<br>Prezen\u010dn\u011b (pouze v knihovn\u011b) jsou p\u016fj\u010dov\u00e1ny dokumenty z region\u00e1ln\u00edho fondu a knihy p\u016fj\u010den\u00e9 z jin\u00fdch knihoven prost\u0159ednictv\u00edm meziknihovn\u00ed v\u00fdp\u016fj\u010dn\u00ed slu\u017eby, kter\u00e9 stanovily tento zp\u016fsob p\u016fj\u010dov\u00e1n\u00ed.<\/p>\n","protected":false},"excerpt":{"rendered":"<p>Prezen\u010dn\u00ed v\u00fdp\u016fj\u010dka:&nbsp; dokument se p\u016fj\u010duje jen v prostor\u00e1ch knihovny.Prezen\u010dn\u011b (pouze v knihovn\u011b) jsou p\u016fj\u010dov\u00e1ny dokumenty z region\u00e1ln\u00edho fondu a knihy p\u016fj\u010den\u00e9 z jin\u00fdch knihoven prost\u0159ednictv\u00edm meziknihovn\u00ed v\u00fdp\u016fj\u010dn\u00ed slu\u017eby, kter\u00e9 stanovily tento zp\u016fsob p\u016fj\u010dov\u00e1n\u00ed.<\/p>\n","protected":false},"author":1,"featured_media":213,"parent":162,"menu_order":4,"comment_status":"closed","ping_status":"closed","template":"","meta":{"_monsterinsights_skip_tracking":false,"_monsterinsights_sitenote_active":false,"_monsterinsights_sitenote_note":"","_monsterinsights_sitenote_category":0,"footnotes":""},"class_list":["post-176","page","type-page","status-publish","has-post-thumbnail","hentry"],"_links":{"self":[{"href":"https:\/\/knihovna.praha19.cz\/index.php?rest_route=\/wp\/v2\/pages\/176","targetHints":{"allow":["GET"]}}],"collection":[{"href":"https:\/\/knihovna.praha19.cz\/index.php?rest_route=\/wp\/v2\/pages"}],"about":[{"href":"https:\/\/knihovna.praha19.cz\/index.php?rest_route=\/wp\/v2\/types\/page"}],"author":[{"embeddable":true,"href":"https:\/\/knihovna.praha19.cz\/index.php?rest_route=\/wp\/v2\/users\/1"}],"replies":[{"embeddable":true,"href":"https:\/\/knihovna.praha19.cz\/index.php?rest_route=%2Fwp%2Fv2%2Fcomments&post=176"}],"version-history":[{"count":11,"href":"https:\/\/knihovna.praha19.cz\/index.php?rest_route=\/wp\/v2\/pages\/176\/revisions"}],"predecessor-version":[{"id":1017,"href":"https:\/\/knihovna.praha19.cz\/index.php?rest_route=\/wp\/v2\/pages\/176\/revisions\/1017"}],"up":[{"embeddable":true,"href":"https:\/\/knihovna.praha19.cz\/index.php?rest_route=\/wp\/v2\/pages\/162"}],"wp:featuredmedia":[{"embeddable":true,"href":"https:\/\/knihovna.praha19.cz\/index.php?rest_route=\/wp\/v2\/media\/213"}],"wp:attachment":[{"href":"https:\/\/knihovna.praha19.cz\/index.php?rest_route=%2Fwp%2Fv2%2Fmedia&parent=176"}],"curies":[{"name":"wp","href":"https:\/\/api.w.org\/{rel}","templated":true}]}}