{"id":19,"date":"2022-12-02T11:51:47","date_gmt":"2022-12-02T09:51:47","guid":{"rendered":"https:\/\/knihovna.praha19.cz\/?page_id=19"},"modified":"2024-01-09T11:23:33","modified_gmt":"2024-01-09T09:23:33","slug":"dokumenty","status":"publish","type":"page","link":"https:\/\/knihovna.praha19.cz\/?page_id=19","title":{"rendered":"Dokumenty"},"content":{"rendered":"\n<p class=\"has-black-color has-text-color has-link-color has-medium-font-size wp-elements-4e6069181e20b16ba8addf1c9bb1edac\"><em><strong>Registra\u010dn\u00ed formul\u00e1\u0159 v PDF ke sta\u017een\u00ed:<\/strong><\/em><\/p>\n\n\n\n<p class=\"has-luminous-vivid-orange-color has-text-color has-link-color has-medium-font-size wp-elements-1ed346c432be11508b8d237cd679d17f\"><strong><a href=\"https:\/\/knihovna.praha19.cz\/wp-content\/uploads\/2023\/02\/GDPR-prihlaska-student-A4.pdf\">D\u011bti<\/a><\/strong><\/p>\n\n\n\n<p class=\"has-luminous-vivid-orange-color has-text-color has-link-color has-medium-font-size wp-elements-e423a0656f7d39c283c38b20e88fe9d0\"><a href=\"https:\/\/knihovna.praha19.cz\/wp-content\/uploads\/2023\/02\/GDPR-prihlaska-dospely-A4.pdf\"><strong>Dosp\u011bl\u00ed<\/strong><\/a><\/p>\n\n\n\n<hr class=\"wp-block-separator has-alpha-channel-opacity\"\/>\n\n\n\n<h2 class=\"wp-block-heading has-black-color has-text-color has-link-color has-medium-font-size wp-elements-bc4d5c13923a0850c5712c4d8b90eb3c\"><strong><em>Knihovn\u00ed \u0159\u00e1d schv\u00e1len\u00fd usnesen\u00edm Rady M\u010c Praha 19 \u010d.447\/23\/Knihovna na sv\u00e9m 37. zased\u00e1n\u00ed dne 14.11.2023<\/em><\/strong><\/h2>\n\n\n\n<p class=\"has-luminous-vivid-orange-color has-text-color has-link-color has-medium-font-size wp-elements-a5d6d4a1d4c383ebfedde05d8fd8f151\"><a href=\"https:\/\/www.mlp.cz\/cz\/dokumenty\/?act=get&amp;check=c7fb9ebf6a8c235a7c3fa27bf9ca022d&amp;id=2680&amp;noinc=1\"><\/a><strong><a href=\"https:\/\/knihovna.praha19.cz\/wp-content\/uploads\/knihovni_rad_Kbely1_plnaverze.pdf\">St\u00e1hn\u011bte si knihovn\u00ed \u0159\u00e1d v\u00a0PDF<\/a>\u00a0[PDF, 599\u00a0kB]<\/strong><\/p>\n\n\n\n<hr class=\"wp-block-separator has-alpha-channel-opacity\"\/>\n\n\n\n<p class=\"has-luminous-vivid-orange-color has-text-color has-link-color has-medium-font-size wp-elements-cc17358c89f07cc05ce5f759d9c923ea\"><a href=\"https:\/\/knihovna.praha19.cz\/o-knihovne\/cenik\/\"><strong>Cen\u00edk slu\u017eeb<\/strong><\/a><\/p>\n","protected":false},"excerpt":{"rendered":"<p>Registra\u010dn\u00ed formul\u00e1\u0159 v PDF ke sta\u017een\u00ed: D\u011bti Dosp\u011bl\u00ed Knihovn\u00ed \u0159\u00e1d schv\u00e1len\u00fd usnesen\u00edm Rady M\u010c Praha 19 \u010d.447\/23\/Knihovna na sv\u00e9m 37. zased\u00e1n\u00ed dne 14.11.2023 St\u00e1hn\u011bte si knihovn\u00ed \u0159\u00e1d v\u00a0PDF\u00a0[PDF, 599\u00a0kB] Cen\u00edk slu\u017eeb<\/p>\n","protected":false},"author":1,"featured_media":230,"parent":13,"menu_order":1,"comment_status":"closed","ping_status":"closed","template":"","meta":{"_monsterinsights_skip_tracking":false,"_monsterinsights_sitenote_active":false,"_monsterinsights_sitenote_note":"","_monsterinsights_sitenote_category":0,"footnotes":""},"class_list":["post-19","page","type-page","status-publish","has-post-thumbnail","hentry"],"_links":{"self":[{"href":"https:\/\/knihovna.praha19.cz\/index.php?rest_route=\/wp\/v2\/pages\/19","targetHints":{"allow":["GET"]}}],"collection":[{"href":"https:\/\/knihovna.praha19.cz\/index.php?rest_route=\/wp\/v2\/pages"}],"about":[{"href":"https:\/\/knihovna.praha19.cz\/index.php?rest_route=\/wp\/v2\/types\/page"}],"author":[{"embeddable":true,"href":"https:\/\/knihovna.praha19.cz\/index.php?rest_route=\/wp\/v2\/users\/1"}],"replies":[{"embeddable":true,"href":"https:\/\/knihovna.praha19.cz\/index.php?rest_route=%2Fwp%2Fv2%2Fcomments&post=19"}],"version-history":[{"count":7,"href":"https:\/\/knihovna.praha19.cz\/index.php?rest_route=\/wp\/v2\/pages\/19\/revisions"}],"predecessor-version":[{"id":920,"href":"https:\/\/knihovna.praha19.cz\/index.php?rest_route=\/wp\/v2\/pages\/19\/revisions\/920"}],"up":[{"embeddable":true,"href":"https:\/\/knihovna.praha19.cz\/index.php?rest_route=\/wp\/v2\/pages\/13"}],"wp:featuredmedia":[{"embeddable":true,"href":"https:\/\/knihovna.praha19.cz\/index.php?rest_route=\/wp\/v2\/media\/230"}],"wp:attachment":[{"href":"https:\/\/knihovna.praha19.cz\/index.php?rest_route=%2Fwp%2Fv2%2Fmedia&parent=19"}],"curies":[{"name":"wp","href":"https:\/\/api.w.org\/{rel}","templated":true}]}}