{"id":21,"date":"2022-12-02T11:54:58","date_gmt":"2022-12-02T10:54:58","guid":{"rendered":"https:\/\/knihovna.praha19.cz\/?page_id=21"},"modified":"2024-03-21T01:18:11","modified_gmt":"2024-03-20T23:18:11","slug":"poprve-v-knihovne","status":"publish","type":"page","link":"https:\/\/knihovna.praha19.cz\/?page_id=21","title":{"rendered":"Poprv\u00e9 v knihovn\u011b"},"content":{"rendered":"\n<div style=\"height:25px\" aria-hidden=\"true\" class=\"wp-block-spacer\"><\/div>\n\n\n\n<p class=\"has-black-color has-text-color has-medium-font-size\"><strong>Chcete se st\u00e1t \u010dten\u00e1\u0159em knihovny?<\/strong>&nbsp;Potom je nutn\u00e9 se do knihovny zaregistrovat.&nbsp;<strong>Registrace<\/strong>&nbsp;prob\u00edh\u00e1 pouze osobn\u011b u v\u00fdp\u016fj\u010dn\u00edho pultu v&nbsp;prostor\u00e1ch knihovny.<\/p>\n\n\n\n<p class=\"has-medium-font-size\">(<a href=\"https:\/\/goo.gl\/maps\/5ESnL2WsJDwgxpve8\"><strong>Kudy do knihovny?<\/strong><\/a>)<\/p>\n\n\n\n<p class=\"has-black-color has-text-color has-large-font-size\"><strong>Registrace<\/strong><\/p>\n\n\n\n<p class=\"has-black-color has-text-color has-medium-font-size\"><strong>Co s sebou<\/strong><\/p>\n\n\n\n<p class=\"has-black-color has-text-color has-medium-font-size\">\u00b7&nbsp;&nbsp;&nbsp;&nbsp;&nbsp;&nbsp; Ob\u010dansk\u00fd pr\u016fkaz, u cizinc\u016f pas, n\u00e1rodn\u00ed pr\u016fkaz toto\u017enosti, p\u0159\u00edp. povolen\u00ed k&nbsp;pobytu<\/p>\n\n\n\n<figure class=\"wp-block-table\"><table class=\"has-black-color has-text-color has-link-color\"><thead><tr><th><\/th><th>Registra\u010dn\u00ed poplatek<\/th><\/tr><\/thead><tbody><tr><td>&nbsp; Dosp\u011bl\u00ed<\/td><td>&nbsp; 120,-K\u010d &nbsp;<\/td><\/tr><tr><td>&nbsp; Senio\u0159i (od 65 let)<\/td><td>&nbsp; 100,-K\u010d &nbsp;<\/td><\/tr><tr><td>&nbsp; D\u011bti (do 15 let)<\/td><td>&nbsp; 50,-K\u010d &nbsp;<\/td><\/tr><\/tbody><\/table><\/figure>\n\n\n\n<p class=\"has-black-color has-text-color has-medium-font-size\">p\u0159ihl\u00e1\u0161ku d\u011btsk\u00e9ho \u010dten\u00e1\u0159e mus\u00ed podepsat z\u00e1konn\u00fd z\u00e1stupce d\u00edt\u011bte, p\u0159i prvn\u00ed n\u00e1v\u0161t\u011bv\u011b nutno p\u0159ij\u00edt v doprovodu rodi\u010de nebo rodinn\u00e9ho p\u0159\u00edslu\u0161n\u00edka star\u0161\u00edho 18 let<\/p>\n\n\n\n<p class=\"has-black-color has-text-color has-medium-font-size\"><strong>Prvn\u00ed n\u00e1v\u0161t\u011bva knihovny:<\/strong><\/p>\n\n\n\n<p class=\"has-black-color has-text-color has-medium-font-size\">\u00b7&nbsp;&nbsp;&nbsp;&nbsp;&nbsp;&nbsp; Vypln\u011bn\u00ed p\u0159ihl\u00e1\u0161ky do knihovny<\/p>\n\n\n\n<p class=\"has-black-color has-text-color has-medium-font-size\">\u00b7&nbsp;&nbsp;&nbsp;&nbsp;&nbsp;&nbsp; Obezn\u00e1men\u00ed se s&nbsp;Knihovn\u00edm \u0159\u00e1dem <a href=\"https:\/\/knihovna.praha19.cz\/o-knihovne\/knihovni-rad\/\">(m\u016f\u017eete si ho p\u0159e\u010d\u00edst p\u0159ed prvn\u00ed n\u00e1v\u0161t\u011bvou zde na webu)<\/a><\/p>\n\n\n\n<p class=\"has-black-color has-text-color has-medium-font-size\">\u00b7&nbsp;&nbsp;&nbsp;&nbsp;&nbsp;&nbsp; Sezn\u00e1men\u00ed se s knihovnou (r\u00e1di v\u00e1m vysv\u011btl\u00edme, kde se co nach\u00e1z\u00ed)<\/p>\n\n\n\n<p class=\"has-black-color has-text-color has-medium-font-size\">\u00b7&nbsp;&nbsp;&nbsp;&nbsp;&nbsp;&nbsp; Vystaven\u00ed \u010dten\u00e1\u0159sk\u00e9ho pr\u016fkazu a vytvo\u0159en\u00ed \u010dten\u00e1\u0159sk\u00e9ho konta<\/p>\n\n\n\n<p class=\"has-black-color has-text-color has-medium-font-size\">\u010cten\u00e1\u0159sk\u00fd pr\u016fkaz je aktivn\u00ed jeden rok, pot\u00e9 je nutn\u00e9 zaplacen\u00edm registra\u010dn\u00edho poplatku op\u011bt registraci obnovit.<\/p>\n\n\n\n<p class=\"has-black-color has-text-color has-large-font-size\"><strong>Registra\u010dn\u00ed formul\u00e1\u0159 v PDF ke sta\u017een\u00ed:<\/strong><\/p>\n\n\n\n<p class=\"has-medium-font-size\"><strong><a href=\"https:\/\/knihovna.praha19.cz\/wp-content\/uploads\/2023\/02\/GDPR-prihlaska-student-A4.pdf\">D\u011bti<\/a><\/strong><\/p>\n\n\n\n<p class=\"has-medium-font-size\"><a href=\"https:\/\/knihovna.praha19.cz\/wp-content\/uploads\/2023\/02\/GDPR-prihlaska-dospely-A4.pdf\"><strong>Dosp\u011bl\u00ed<\/strong><\/a><br><\/p>\n\n\n\n<p class=\"has-black-color has-text-color has-medium-font-size\">Registra\u010dn\u00ed \u010dten\u00e1\u0159sk\u00fd poplatek lze uhradit i prost\u0159ednictv\u00edm bankovn\u00edho p\u0159evodu na \u00fa\u010det: <strong>19-2000932309\/0800<\/strong>, variabiln\u00ed symbol <strong>3314<\/strong>, do zpr\u00e1vy pro p\u0159\u00edjemce <strong>uve\u010fte svoje jm\u00e9no<\/strong>.<\/p>\n\n\n\n<p class=\"has-black-color has-text-color has-medium-font-size\">Vystaven\u00ed \u010dten\u00e1\u0159sk\u00e9ho pr\u016fkazu je p\u0159i registraci zdarma, vystaven\u00ed duplik\u00e1tu je zpoplatn\u011bno (viz <a href=\"https:\/\/knihovna.praha19.cz\/o-knihovne\/cenik\/\"><strong>cen\u00edk<\/strong><\/a>)<\/p>\n\n\n\n<h2 class=\"wp-block-heading has-black-color has-text-color has-large-font-size\">\u010cten\u00e1\u0159sk\u00e9 konto<\/h2>\n\n\n\n<p class=\"has-black-color has-text-color has-medium-font-size\">Kliknut\u00edm v prav\u00e9m horn\u00edm rohu na konto \u010dten\u00e1\u0159e v <a href=\"https:\/\/raks.mlp.cz\/library\/kbely\/\"><strong>katalogu TRITIUS<\/strong><\/a> a vypln\u011bn\u00edm \u010d\u00edsla va\u0161\u00ed pr\u016fkazky, PINu tvo\u0159en\u00e9ho datem narozen\u00ed ve form\u00e1tu rok, m\u011bs\u00edc, den (nap\u0159\u00edklad osoba narozen\u00e1 24. 7. 1986 bude m\u00edt p\u0159ihla\u0161ovac\u00ed heslo 860724) \u2013 lze po p\u0159ihl\u00e1\u0161en\u00ed zm\u011bnit p\u0159es ikonku Zm\u011bna hesla &#8211; p\u0159ejdete do \u010dten\u00e1\u0159sk\u00e9ho konta, kde z\u00edsk\u00e1te informaci o v\u00fdp\u016fj\u010dk\u00e1ch, rezervac\u00edch, poplatc\u00edch.<\/p>\n","protected":false},"excerpt":{"rendered":"<p>Chcete se st\u00e1t \u010dten\u00e1\u0159em knihovny?&nbsp;Potom je nutn\u00e9 se do knihovny zaregistrovat.&nbsp;Registrace&nbsp;prob\u00edh\u00e1 pouze osobn\u011b u v\u00fdp\u016fj\u010dn\u00edho pultu v&nbsp;prostor\u00e1ch knihovny. (Kudy do knihovny?) Registrace Co s sebou \u00b7&nbsp;&nbsp;&nbsp;&nbsp;&nbsp;&nbsp; Ob\u010dansk\u00fd pr\u016fkaz, u cizinc\u016f pas, n\u00e1rodn\u00ed pr\u016fkaz toto\u017enosti, p\u0159\u00edp. povolen\u00ed k&nbsp;pobytu Registra\u010dn\u00ed poplatek &nbsp; Dosp\u011bl\u00ed &nbsp; 120,-K\u010d &nbsp; &nbsp; Senio\u0159i (od 65 let) &nbsp; 100,-K\u010d &nbsp; &nbsp; D\u011bti (do [&hellip;]<\/p>\n","protected":false},"author":1,"featured_media":213,"parent":0,"menu_order":0,"comment_status":"closed","ping_status":"closed","template":"","meta":{"_monsterinsights_skip_tracking":false,"_monsterinsights_sitenote_active":false,"_monsterinsights_sitenote_note":"","_monsterinsights_sitenote_category":0,"footnotes":""},"class_list":["post-21","page","type-page","status-publish","has-post-thumbnail","hentry"],"_links":{"self":[{"href":"https:\/\/knihovna.praha19.cz\/index.php?rest_route=\/wp\/v2\/pages\/21","targetHints":{"allow":["GET"]}}],"collection":[{"href":"https:\/\/knihovna.praha19.cz\/index.php?rest_route=\/wp\/v2\/pages"}],"about":[{"href":"https:\/\/knihovna.praha19.cz\/index.php?rest_route=\/wp\/v2\/types\/page"}],"author":[{"embeddable":true,"href":"https:\/\/knihovna.praha19.cz\/index.php?rest_route=\/wp\/v2\/users\/1"}],"replies":[{"embeddable":true,"href":"https:\/\/knihovna.praha19.cz\/index.php?rest_route=%2Fwp%2Fv2%2Fcomments&post=21"}],"version-history":[{"count":21,"href":"https:\/\/knihovna.praha19.cz\/index.php?rest_route=\/wp\/v2\/pages\/21\/revisions"}],"predecessor-version":[{"id":1022,"href":"https:\/\/knihovna.praha19.cz\/index.php?rest_route=\/wp\/v2\/pages\/21\/revisions\/1022"}],"wp:featuredmedia":[{"embeddable":true,"href":"https:\/\/knihovna.praha19.cz\/index.php?rest_route=\/wp\/v2\/media\/213"}],"wp:attachment":[{"href":"https:\/\/knihovna.praha19.cz\/index.php?rest_route=%2Fwp%2Fv2%2Fmedia&parent=21"}],"curies":[{"name":"wp","href":"https:\/\/api.w.org\/{rel}","templated":true}]}}