{"id":350,"date":"2023-01-18T16:33:00","date_gmt":"2023-01-18T15:33:00","guid":{"rendered":"https:\/\/knihovna.praha19.cz\/?page_id=350"},"modified":"2023-11-06T12:22:17","modified_gmt":"2023-11-06T10:22:17","slug":"cestopisna-beseda-s-panem-ivanem-starkem-od-polu-k-rovniku","status":"publish","type":"page","link":"https:\/\/knihovna.praha19.cz\/?page_id=350","title":{"rendered":"Cestopisn\u00e1 beseda s panem Ivanem St\u00e1rkem \u2013 \u201eOd p\u00f3lu k rovn\u00edku\u2026.\u201c"},"content":{"rendered":"\n<blockquote class=\"wp-block-quote is-layout-flow wp-block-quote-is-layout-flow\">\n<p><strong>St\u0159eda 18. 1. 2023<\/strong><\/p>\n<\/blockquote>\n\n\n\n<p class=\"has-black-color has-text-color has-medium-font-size\">Nev\u0161edn\u00ed vypr\u00e1v\u011bn\u00ed Ivana St\u00e1rka z jeho cest do netradi\u010dn\u00edch kout\u016f na\u0161\u00ed planety bylo v knihovn\u011b p\u0159ipraveno na st\u0159edu 18. 1. 2023. \u00da\u010dastn\u00edk\u016fm besedy se naskytla v\u00fdjime\u010dn\u00e1 p\u0159\u00edle\u017eitost nechat se, prost\u0159ednictv\u00edm kr\u00e1sn\u00fdch fotografi\u00ed a poutav\u00e9ho vypr\u00e1v\u011bn\u00ed, nejprve zav\u00e9st a\u017e na Severn\u00ed p\u00f3l, kam se skute\u010dn\u011b b\u011b\u017en\u00fd cestovatel tak snadno nedostane. V\u00fdborn\u011b zpracovan\u00e1 prezentace cel\u00e9 v\u00fdpravy, kter\u00e1 nab\u00eddla z\u00e1b\u011bry na plavbu ledoborcem, v\u00fdstup na severn\u00ed to\u010dn\u011b, v kombinaci s fotografiemi pol\u00e1rn\u00edch zv\u00ed\u0159at a dobrodru\u017en\u00fdmi historkami, prov\u00e1zej\u00edc\u00edmi tuto zhruba \u010dtrn\u00e1ctidenn\u00ed v\u00fdpravu, nadchla v\u0161echny p\u0159\u00edtomn\u00e9 poslucha\u010de. Pot\u00e9 n\u00e1sledovalo pov\u00edd\u00e1n\u00ed o podstatn\u011b teplej\u0161\u00edch oblastech. Zav\u00edtali jsme do Afriky, kde pan St\u00e1rek nav\u0161t\u00edvil v Ugand\u011b p\u0159\u00edrodn\u00ed rezervaci s horsk\u00fdmi gorilami, i toto vypr\u00e1v\u011bn\u00ed bylo op\u011bt dopln\u011bno \u00fa\u017easn\u00fdmi fotografiemi.<\/p>\n\n\n\n<p class=\"has-black-color has-text-color has-medium-font-size\">B\u011bhem cel\u00e9ho programu se n\u00e1v\u0161t\u011bvn\u00edci m\u011bli mo\u017enost pt\u00e1t i na z\u00e1\u017eitky z jin\u00fdch lokalit, o kter\u00fdch b\u011bhem vypr\u00e1v\u011bn\u00ed padly zm\u00ednky.<\/p>\n\n\n\n<p class=\"has-black-color has-text-color has-medium-font-size\">Douf\u00e1me, \u017ee i v budoucnu budeme m\u00edt mo\u017enost v tomto poutav\u00e9m vypr\u00e1v\u011bn\u00ed pokra\u010dovat a zav\u00edtat tak i do dal\u0161\u00edch zaj\u00edmav\u00fdch m\u00edst.<\/p>\n\n\n\n<figure class=\"wp-block-gallery has-nested-images columns-default is-cropped wp-block-gallery-1 is-layout-flex wp-block-gallery-is-layout-flex\">\n<figure class=\"wp-block-image size-large\"><img loading=\"lazy\" decoding=\"async\" width=\"724\" height=\"1024\" data-id=\"72\" src=\"https:\/\/knihovna.praha19.cz\/wp-content\/uploads\/2022\/12\/2022_vystava-foto_Starek_002-724x1024.jpg\" alt=\"\" class=\"wp-image-72\" srcset=\"https:\/\/knihovna.praha19.cz\/wp-content\/uploads\/2022\/12\/2022_vystava-foto_Starek_002-724x1024.jpg 724w, https:\/\/knihovna.praha19.cz\/wp-content\/uploads\/2022\/12\/2022_vystava-foto_Starek_002-scaled-600x849.jpg 600w, https:\/\/knihovna.praha19.cz\/wp-content\/uploads\/2022\/12\/2022_vystava-foto_Starek_002-212x300.jpg 212w, https:\/\/knihovna.praha19.cz\/wp-content\/uploads\/2022\/12\/2022_vystava-foto_Starek_002-768x1086.jpg 768w, https:\/\/knihovna.praha19.cz\/wp-content\/uploads\/2022\/12\/2022_vystava-foto_Starek_002-1086x1536.jpg 1086w, https:\/\/knihovna.praha19.cz\/wp-content\/uploads\/2022\/12\/2022_vystava-foto_Starek_002-1448x2048.jpg 1448w, https:\/\/knihovna.praha19.cz\/wp-content\/uploads\/2022\/12\/2022_vystava-foto_Starek_002-scaled.jpg 1810w\" sizes=\"auto, (max-width: 724px) 100vw, 724px\" \/><\/figure>\n\n\n\n<figure class=\"wp-block-image size-large is-style-rounded\"><img loading=\"lazy\" decoding=\"async\" width=\"1024\" height=\"683\" data-id=\"115\" src=\"https:\/\/knihovna.praha19.cz\/wp-content\/uploads\/2023\/01\/326095843_521998449756578_7658409068142179781_n-1024x683.jpg\" alt=\"Cestovatel Ivan St\u00e1rek\" class=\"wp-image-115\" srcset=\"https:\/\/knihovna.praha19.cz\/wp-content\/uploads\/2023\/01\/326095843_521998449756578_7658409068142179781_n-1024x683.jpg 1024w, https:\/\/knihovna.praha19.cz\/wp-content\/uploads\/2023\/01\/326095843_521998449756578_7658409068142179781_n-600x400.jpg 600w, https:\/\/knihovna.praha19.cz\/wp-content\/uploads\/2023\/01\/326095843_521998449756578_7658409068142179781_n-300x200.jpg 300w, https:\/\/knihovna.praha19.cz\/wp-content\/uploads\/2023\/01\/326095843_521998449756578_7658409068142179781_n-768x512.jpg 768w, https:\/\/knihovna.praha19.cz\/wp-content\/uploads\/2023\/01\/326095843_521998449756578_7658409068142179781_n-1536x1024.jpg 1536w, https:\/\/knihovna.praha19.cz\/wp-content\/uploads\/2023\/01\/326095843_521998449756578_7658409068142179781_n.jpg 1920w\" sizes=\"auto, (max-width: 1024px) 100vw, 1024px\" \/><figcaption class=\"wp-element-caption\"><em>Cestovatel Ivan St\u00e1rek<\/em><\/figcaption><\/figure>\n\n\n\n<figure class=\"wp-block-image size-large\"><img loading=\"lazy\" decoding=\"async\" width=\"1024\" height=\"683\" data-id=\"118\" src=\"https:\/\/knihovna.praha19.cz\/wp-content\/uploads\/2023\/01\/325775043_1782997865407910_7159122457361298926_n-1024x683.jpg\" alt=\"\" class=\"wp-image-118\" srcset=\"https:\/\/knihovna.praha19.cz\/wp-content\/uploads\/2023\/01\/325775043_1782997865407910_7159122457361298926_n-1024x683.jpg 1024w, https:\/\/knihovna.praha19.cz\/wp-content\/uploads\/2023\/01\/325775043_1782997865407910_7159122457361298926_n-600x400.jpg 600w, https:\/\/knihovna.praha19.cz\/wp-content\/uploads\/2023\/01\/325775043_1782997865407910_7159122457361298926_n-300x200.jpg 300w, https:\/\/knihovna.praha19.cz\/wp-content\/uploads\/2023\/01\/325775043_1782997865407910_7159122457361298926_n-768x512.jpg 768w, https:\/\/knihovna.praha19.cz\/wp-content\/uploads\/2023\/01\/325775043_1782997865407910_7159122457361298926_n-1536x1024.jpg 1536w, https:\/\/knihovna.praha19.cz\/wp-content\/uploads\/2023\/01\/325775043_1782997865407910_7159122457361298926_n.jpg 1920w\" sizes=\"auto, (max-width: 1024px) 100vw, 1024px\" \/><\/figure>\n\n\n\n<figure class=\"wp-block-image size-large\"><img loading=\"lazy\" decoding=\"async\" width=\"1024\" height=\"683\" data-id=\"119\" src=\"https:\/\/knihovna.praha19.cz\/wp-content\/uploads\/2023\/01\/326214412_1234191977516512_5672548728578515439_n-1024x683.jpg\" alt=\"\" class=\"wp-image-119\" srcset=\"https:\/\/knihovna.praha19.cz\/wp-content\/uploads\/2023\/01\/326214412_1234191977516512_5672548728578515439_n-1024x683.jpg 1024w, https:\/\/knihovna.praha19.cz\/wp-content\/uploads\/2023\/01\/326214412_1234191977516512_5672548728578515439_n-600x400.jpg 600w, https:\/\/knihovna.praha19.cz\/wp-content\/uploads\/2023\/01\/326214412_1234191977516512_5672548728578515439_n-300x200.jpg 300w, https:\/\/knihovna.praha19.cz\/wp-content\/uploads\/2023\/01\/326214412_1234191977516512_5672548728578515439_n-768x512.jpg 768w, https:\/\/knihovna.praha19.cz\/wp-content\/uploads\/2023\/01\/326214412_1234191977516512_5672548728578515439_n-1536x1024.jpg 1536w, https:\/\/knihovna.praha19.cz\/wp-content\/uploads\/2023\/01\/326214412_1234191977516512_5672548728578515439_n.jpg 1920w\" sizes=\"auto, (max-width: 1024px) 100vw, 1024px\" \/><\/figure>\n\n\n\n<figure class=\"wp-block-image size-large\"><img loading=\"lazy\" decoding=\"async\" width=\"1024\" height=\"683\" data-id=\"120\" src=\"https:\/\/knihovna.praha19.cz\/wp-content\/uploads\/2023\/01\/326217378_831824121246092_4660007429476102607_n-1024x683.jpg\" alt=\"\" class=\"wp-image-120\" srcset=\"https:\/\/knihovna.praha19.cz\/wp-content\/uploads\/2023\/01\/326217378_831824121246092_4660007429476102607_n-1024x683.jpg 1024w, https:\/\/knihovna.praha19.cz\/wp-content\/uploads\/2023\/01\/326217378_831824121246092_4660007429476102607_n-600x400.jpg 600w, https:\/\/knihovna.praha19.cz\/wp-content\/uploads\/2023\/01\/326217378_831824121246092_4660007429476102607_n-300x200.jpg 300w, https:\/\/knihovna.praha19.cz\/wp-content\/uploads\/2023\/01\/326217378_831824121246092_4660007429476102607_n-768x512.jpg 768w, https:\/\/knihovna.praha19.cz\/wp-content\/uploads\/2023\/01\/326217378_831824121246092_4660007429476102607_n-1536x1024.jpg 1536w, https:\/\/knihovna.praha19.cz\/wp-content\/uploads\/2023\/01\/326217378_831824121246092_4660007429476102607_n.jpg 1920w\" sizes=\"auto, (max-width: 1024px) 100vw, 1024px\" \/><\/figure>\n\n\n\n<figure class=\"wp-block-image size-large\"><img loading=\"lazy\" decoding=\"async\" width=\"1024\" height=\"683\" data-id=\"112\" src=\"https:\/\/knihovna.praha19.cz\/wp-content\/uploads\/2023\/01\/326107695_1389114918500712_8072360511116318917_n-1024x683.jpg\" alt=\"\" class=\"wp-image-112\" srcset=\"https:\/\/knihovna.praha19.cz\/wp-content\/uploads\/2023\/01\/326107695_1389114918500712_8072360511116318917_n-1024x683.jpg 1024w, https:\/\/knihovna.praha19.cz\/wp-content\/uploads\/2023\/01\/326107695_1389114918500712_8072360511116318917_n-600x400.jpg 600w, https:\/\/knihovna.praha19.cz\/wp-content\/uploads\/2023\/01\/326107695_1389114918500712_8072360511116318917_n-300x200.jpg 300w, https:\/\/knihovna.praha19.cz\/wp-content\/uploads\/2023\/01\/326107695_1389114918500712_8072360511116318917_n-768x512.jpg 768w, https:\/\/knihovna.praha19.cz\/wp-content\/uploads\/2023\/01\/326107695_1389114918500712_8072360511116318917_n-1536x1024.jpg 1536w, https:\/\/knihovna.praha19.cz\/wp-content\/uploads\/2023\/01\/326107695_1389114918500712_8072360511116318917_n.jpg 1920w\" sizes=\"auto, (max-width: 1024px) 100vw, 1024px\" \/><\/figure>\n\n\n\n<figure class=\"wp-block-image size-large\"><img loading=\"lazy\" decoding=\"async\" width=\"1024\" height=\"683\" data-id=\"117\" src=\"https:\/\/knihovna.praha19.cz\/wp-content\/uploads\/2023\/01\/326036995_893406621978657_6584244373281042475_n-1024x683.jpg\" alt=\"\" class=\"wp-image-117\" srcset=\"https:\/\/knihovna.praha19.cz\/wp-content\/uploads\/2023\/01\/326036995_893406621978657_6584244373281042475_n-1024x683.jpg 1024w, https:\/\/knihovna.praha19.cz\/wp-content\/uploads\/2023\/01\/326036995_893406621978657_6584244373281042475_n-600x400.jpg 600w, https:\/\/knihovna.praha19.cz\/wp-content\/uploads\/2023\/01\/326036995_893406621978657_6584244373281042475_n-300x200.jpg 300w, https:\/\/knihovna.praha19.cz\/wp-content\/uploads\/2023\/01\/326036995_893406621978657_6584244373281042475_n-768x512.jpg 768w, https:\/\/knihovna.praha19.cz\/wp-content\/uploads\/2023\/01\/326036995_893406621978657_6584244373281042475_n-1536x1024.jpg 1536w, https:\/\/knihovna.praha19.cz\/wp-content\/uploads\/2023\/01\/326036995_893406621978657_6584244373281042475_n.jpg 1920w\" sizes=\"auto, (max-width: 1024px) 100vw, 1024px\" \/><\/figure>\n\n\n\n<figure class=\"wp-block-image size-large\"><img loading=\"lazy\" decoding=\"async\" width=\"1024\" height=\"683\" data-id=\"111\" src=\"https:\/\/knihovna.praha19.cz\/wp-content\/uploads\/2023\/01\/326116979_3142213502591760_7971873164080340339_n-1024x683.jpg\" alt=\"\" class=\"wp-image-111\" srcset=\"https:\/\/knihovna.praha19.cz\/wp-content\/uploads\/2023\/01\/326116979_3142213502591760_7971873164080340339_n-1024x683.jpg 1024w, https:\/\/knihovna.praha19.cz\/wp-content\/uploads\/2023\/01\/326116979_3142213502591760_7971873164080340339_n-600x400.jpg 600w, https:\/\/knihovna.praha19.cz\/wp-content\/uploads\/2023\/01\/326116979_3142213502591760_7971873164080340339_n-300x200.jpg 300w, https:\/\/knihovna.praha19.cz\/wp-content\/uploads\/2023\/01\/326116979_3142213502591760_7971873164080340339_n-768x512.jpg 768w, https:\/\/knihovna.praha19.cz\/wp-content\/uploads\/2023\/01\/326116979_3142213502591760_7971873164080340339_n-1536x1024.jpg 1536w, https:\/\/knihovna.praha19.cz\/wp-content\/uploads\/2023\/01\/326116979_3142213502591760_7971873164080340339_n.jpg 1920w\" sizes=\"auto, (max-width: 1024px) 100vw, 1024px\" \/><\/figure>\n\n\n\n<figure class=\"wp-block-image size-large\"><img loading=\"lazy\" decoding=\"async\" width=\"1024\" height=\"683\" data-id=\"110\" src=\"https:\/\/knihovna.praha19.cz\/wp-content\/uploads\/2023\/01\/326035504_517232963833249_6457276688720086408_n-1024x683.jpg\" alt=\"\" class=\"wp-image-110\" srcset=\"https:\/\/knihovna.praha19.cz\/wp-content\/uploads\/2023\/01\/326035504_517232963833249_6457276688720086408_n-1024x683.jpg 1024w, https:\/\/knihovna.praha19.cz\/wp-content\/uploads\/2023\/01\/326035504_517232963833249_6457276688720086408_n-600x400.jpg 600w, https:\/\/knihovna.praha19.cz\/wp-content\/uploads\/2023\/01\/326035504_517232963833249_6457276688720086408_n-300x200.jpg 300w, https:\/\/knihovna.praha19.cz\/wp-content\/uploads\/2023\/01\/326035504_517232963833249_6457276688720086408_n-768x512.jpg 768w, https:\/\/knihovna.praha19.cz\/wp-content\/uploads\/2023\/01\/326035504_517232963833249_6457276688720086408_n-1536x1024.jpg 1536w, https:\/\/knihovna.praha19.cz\/wp-content\/uploads\/2023\/01\/326035504_517232963833249_6457276688720086408_n.jpg 1920w\" sizes=\"auto, (max-width: 1024px) 100vw, 1024px\" \/><\/figure>\n\n\n\n<figure class=\"wp-block-image size-large\"><img loading=\"lazy\" decoding=\"async\" width=\"1024\" height=\"683\" data-id=\"114\" src=\"https:\/\/knihovna.praha19.cz\/wp-content\/uploads\/2023\/01\/325903586_863763111568231_7438677474818034849_n-1024x683.jpg\" alt=\"\" class=\"wp-image-114\" srcset=\"https:\/\/knihovna.praha19.cz\/wp-content\/uploads\/2023\/01\/325903586_863763111568231_7438677474818034849_n-1024x683.jpg 1024w, https:\/\/knihovna.praha19.cz\/wp-content\/uploads\/2023\/01\/325903586_863763111568231_7438677474818034849_n-600x400.jpg 600w, https:\/\/knihovna.praha19.cz\/wp-content\/uploads\/2023\/01\/325903586_863763111568231_7438677474818034849_n-300x200.jpg 300w, https:\/\/knihovna.praha19.cz\/wp-content\/uploads\/2023\/01\/325903586_863763111568231_7438677474818034849_n-768x512.jpg 768w, https:\/\/knihovna.praha19.cz\/wp-content\/uploads\/2023\/01\/325903586_863763111568231_7438677474818034849_n-1536x1024.jpg 1536w, https:\/\/knihovna.praha19.cz\/wp-content\/uploads\/2023\/01\/325903586_863763111568231_7438677474818034849_n.jpg 1920w\" sizes=\"auto, (max-width: 1024px) 100vw, 1024px\" \/><\/figure>\n\n\n\n<figure class=\"wp-block-image size-large\"><img loading=\"lazy\" decoding=\"async\" width=\"1024\" height=\"683\" data-id=\"109\" src=\"https:\/\/knihovna.praha19.cz\/wp-content\/uploads\/2023\/01\/326358484_906751220680310_533558593121916823_n-1024x683.jpg\" alt=\"\" class=\"wp-image-109\" srcset=\"https:\/\/knihovna.praha19.cz\/wp-content\/uploads\/2023\/01\/326358484_906751220680310_533558593121916823_n-1024x683.jpg 1024w, https:\/\/knihovna.praha19.cz\/wp-content\/uploads\/2023\/01\/326358484_906751220680310_533558593121916823_n-600x400.jpg 600w, https:\/\/knihovna.praha19.cz\/wp-content\/uploads\/2023\/01\/326358484_906751220680310_533558593121916823_n-300x200.jpg 300w, https:\/\/knihovna.praha19.cz\/wp-content\/uploads\/2023\/01\/326358484_906751220680310_533558593121916823_n-768x512.jpg 768w, https:\/\/knihovna.praha19.cz\/wp-content\/uploads\/2023\/01\/326358484_906751220680310_533558593121916823_n-1536x1024.jpg 1536w, https:\/\/knihovna.praha19.cz\/wp-content\/uploads\/2023\/01\/326358484_906751220680310_533558593121916823_n.jpg 1920w\" sizes=\"auto, (max-width: 1024px) 100vw, 1024px\" \/><\/figure>\n\n\n\n<figure class=\"wp-block-image size-large\"><img loading=\"lazy\" decoding=\"async\" width=\"1024\" height=\"683\" data-id=\"113\" src=\"https:\/\/knihovna.praha19.cz\/wp-content\/uploads\/2023\/01\/326121842_855870782313641_2170926063743937013_n-1024x683.jpg\" alt=\"\" class=\"wp-image-113\" srcset=\"https:\/\/knihovna.praha19.cz\/wp-content\/uploads\/2023\/01\/326121842_855870782313641_2170926063743937013_n-1024x683.jpg 1024w, https:\/\/knihovna.praha19.cz\/wp-content\/uploads\/2023\/01\/326121842_855870782313641_2170926063743937013_n-600x400.jpg 600w, https:\/\/knihovna.praha19.cz\/wp-content\/uploads\/2023\/01\/326121842_855870782313641_2170926063743937013_n-300x200.jpg 300w, https:\/\/knihovna.praha19.cz\/wp-content\/uploads\/2023\/01\/326121842_855870782313641_2170926063743937013_n-768x512.jpg 768w, https:\/\/knihovna.praha19.cz\/wp-content\/uploads\/2023\/01\/326121842_855870782313641_2170926063743937013_n-1536x1024.jpg 1536w, https:\/\/knihovna.praha19.cz\/wp-content\/uploads\/2023\/01\/326121842_855870782313641_2170926063743937013_n.jpg 1920w\" sizes=\"auto, (max-width: 1024px) 100vw, 1024px\" \/><\/figure>\n<\/figure>\n","protected":false},"excerpt":{"rendered":"<p>St\u0159eda 18. 1. 2023 Nev\u0161edn\u00ed vypr\u00e1v\u011bn\u00ed Ivana St\u00e1rka z jeho cest do netradi\u010dn\u00edch kout\u016f na\u0161\u00ed planety bylo v knihovn\u011b p\u0159ipraveno na st\u0159edu 18. 1. 2023. \u00da\u010dastn\u00edk\u016fm besedy se naskytla v\u00fdjime\u010dn\u00e1 p\u0159\u00edle\u017eitost nechat se, prost\u0159ednictv\u00edm kr\u00e1sn\u00fdch fotografi\u00ed a poutav\u00e9ho vypr\u00e1v\u011bn\u00ed, nejprve zav\u00e9st a\u017e na Severn\u00ed p\u00f3l, kam se skute\u010dn\u011b b\u011b\u017en\u00fd cestovatel tak snadno nedostane. V\u00fdborn\u011b zpracovan\u00e1 [&hellip;]<\/p>\n","protected":false},"author":2,"featured_media":117,"parent":2,"menu_order":1,"comment_status":"closed","ping_status":"closed","template":"","meta":{"_monsterinsights_skip_tracking":false,"_monsterinsights_sitenote_active":false,"_monsterinsights_sitenote_note":"","_monsterinsights_sitenote_category":0,"footnotes":""},"class_list":["post-350","page","type-page","status-publish","has-post-thumbnail","hentry"],"_links":{"self":[{"href":"https:\/\/knihovna.praha19.cz\/index.php?rest_route=\/wp\/v2\/pages\/350","targetHints":{"allow":["GET"]}}],"collection":[{"href":"https:\/\/knihovna.praha19.cz\/index.php?rest_route=\/wp\/v2\/pages"}],"about":[{"href":"https:\/\/knihovna.praha19.cz\/index.php?rest_route=\/wp\/v2\/types\/page"}],"author":[{"embeddable":true,"href":"https:\/\/knihovna.praha19.cz\/index.php?rest_route=\/wp\/v2\/users\/2"}],"replies":[{"embeddable":true,"href":"https:\/\/knihovna.praha19.cz\/index.php?rest_route=%2Fwp%2Fv2%2Fcomments&post=350"}],"version-history":[{"count":4,"href":"https:\/\/knihovna.praha19.cz\/index.php?rest_route=\/wp\/v2\/pages\/350\/revisions"}],"predecessor-version":[{"id":838,"href":"https:\/\/knihovna.praha19.cz\/index.php?rest_route=\/wp\/v2\/pages\/350\/revisions\/838"}],"up":[{"embeddable":true,"href":"https:\/\/knihovna.praha19.cz\/index.php?rest_route=\/wp\/v2\/pages\/2"}],"wp:featuredmedia":[{"embeddable":true,"href":"https:\/\/knihovna.praha19.cz\/index.php?rest_route=\/wp\/v2\/media\/117"}],"wp:attachment":[{"href":"https:\/\/knihovna.praha19.cz\/index.php?rest_route=%2Fwp%2Fv2%2Fmedia&parent=350"}],"curies":[{"name":"wp","href":"https:\/\/api.w.org\/{rel}","templated":true}]}}