{"id":354,"date":"2023-03-31T16:44:00","date_gmt":"2023-03-31T14:44:00","guid":{"rendered":"https:\/\/knihovna.praha19.cz\/?page_id=354"},"modified":"2023-08-09T16:32:38","modified_gmt":"2023-08-09T14:32:38","slug":"vernisaz-4-rocniku-souteze-amaterskych-fotografu","status":"publish","type":"page","link":"https:\/\/knihovna.praha19.cz\/?page_id=354","title":{"rendered":"VERNIS\u00c1\u017d 4. RO\u010cN\u00cdKU SOUT\u011a\u017dE AMAT\u00c9RSK\u00ddCH FOTOGRAF\u016e"},"content":{"rendered":"\n<blockquote class=\"wp-block-quote is-layout-flow wp-block-quote-is-layout-flow\">\n<p><strong>P\u00e1tek 31. 3. 2023<\/strong><\/p>\n<\/blockquote>\n\n\n\n<p class=\"has-black-color has-text-color has-medium-font-size\">St\u0159ede\u010dn\u00ed podve\u010der 29.b\u0159ezna 2023 pat\u0159il v kbelsk\u00e9 knihovn\u011b \u00fa\u010dastn\u00edk\u016fm ji\u017e 4. ro\u010dn\u00edku sout\u011b\u017ee amat\u00e9rsk\u00fdch fotograf\u016f. Slavnostn\u00ed program vernis\u00e1\u017ee doplnilo ocen\u011bn\u00ed nejlep\u0161\u00edch fotografi\u00ed, kter\u00e9 usp\u011bly ve dvou sout\u011b\u017en\u00edch kategori\u00edch. Porota m\u011bla op\u011bt velmi t\u011b\u017ekou pr\u00e1ci s rozhodov\u00e1n\u00edm, nebo\u0165 p\u011bkn\u00fdch a p\u016fsobiv\u00fdch fotografi\u00ed dorazila cel\u00e1 \u0159ada. V\u00fdherci byli vyhl\u00e1\u0161eni nakonec v tomto po\u0159ad\u00ed:<\/p>\n\n\n\n<p class=\"has-black-color has-text-color has-medium-font-size\"><strong>T\u00e9ma Voln\u00e9<\/strong><\/p>\n\n\n\n<p class=\"has-black-color has-text-color has-medium-font-size\">1. m\u00edsto Vrbov\u00e1 Alena<\/p>\n\n\n\n<p class=\"has-black-color has-text-color has-medium-font-size\">2.&nbsp;<a><\/a>m\u00edsto Hou\u0161ka Lubor, Cihl\u00e1\u0159ov\u00e1 Veronika, Cac\u00e1k Jakub, Vrbov\u00e1 Alena<\/p>\n\n\n\n<p class=\"has-black-color has-text-color has-medium-font-size\">3. m\u00edsto Hou\u0161kov\u00e1 Jaroslava, Cihl\u00e1\u0159ov\u00e1 Veronika<\/p>\n\n\n\n<p class=\"has-black-color has-text-color has-medium-font-size\"><strong>T\u00e9ma Kontrasty<\/strong><\/p>\n\n\n\n<p class=\"has-black-color has-text-color has-medium-font-size\">1. m\u00edsto Hou\u0161ka Lubor<\/p>\n\n\n\n<p class=\"has-black-color has-text-color has-medium-font-size\">2. m\u00edsto Kratochv\u00edl Jarom\u00edr<\/p>\n\n\n\n<p>3. m\u00edsto Z\u00e1myslick\u00e1 Ivana, Vrbov\u00e1 Alena<\/p>\n\n\n\n<p class=\"has-black-color has-text-color has-medium-font-size\">V\u0161ech 42 vybran\u00fdch sn\u00edmk\u016f, kter\u00e9 jsou k zhl\u00e9dnut\u00ed v knihovn\u011b a\u017e do konce \u010dervna 2023, obdr\u017e\u00ed jejich auto\u0159i, po skon\u010den\u00ed v\u00fdstavy, zdarma jako d\u00e1rek od M\u010c Praha 19.<\/p>\n\n\n\n<p class=\"has-text-align-right\">Foto&nbsp;Michal Marel<\/p>\n\n\n\n<figure class=\"wp-block-gallery has-nested-images columns-default is-cropped wp-block-gallery-1 is-layout-flex wp-block-gallery-is-layout-flex\">\n<figure class=\"wp-block-image size-large\"><img loading=\"lazy\" decoding=\"async\" width=\"1024\" height=\"683\" data-id=\"343\" src=\"https:\/\/knihovna.praha19.cz\/wp-content\/uploads\/2023\/04\/2023_03_29_Kbely_8-1024x683.jpg\" alt=\"\" class=\"wp-image-343\" srcset=\"https:\/\/knihovna.praha19.cz\/wp-content\/uploads\/2023\/04\/2023_03_29_Kbely_8-1024x683.jpg 1024w, https:\/\/knihovna.praha19.cz\/wp-content\/uploads\/2023\/04\/2023_03_29_Kbely_8-600x400.jpg 600w, https:\/\/knihovna.praha19.cz\/wp-content\/uploads\/2023\/04\/2023_03_29_Kbely_8-300x200.jpg 300w, https:\/\/knihovna.praha19.cz\/wp-content\/uploads\/2023\/04\/2023_03_29_Kbely_8-768x512.jpg 768w, https:\/\/knihovna.praha19.cz\/wp-content\/uploads\/2023\/04\/2023_03_29_Kbely_8-1536x1024.jpg 1536w, https:\/\/knihovna.praha19.cz\/wp-content\/uploads\/2023\/04\/2023_03_29_Kbely_8.jpg 1920w\" sizes=\"auto, (max-width: 1024px) 100vw, 1024px\" \/><\/figure>\n\n\n\n<figure class=\"wp-block-image size-large is-style-rounded\"><img loading=\"lazy\" decoding=\"async\" width=\"1024\" height=\"683\" data-id=\"342\" src=\"https:\/\/knihovna.praha19.cz\/wp-content\/uploads\/2023\/04\/2023_03_29_Kbely_7-1024x683.jpg\" alt=\"\" class=\"wp-image-342\" srcset=\"https:\/\/knihovna.praha19.cz\/wp-content\/uploads\/2023\/04\/2023_03_29_Kbely_7-1024x683.jpg 1024w, https:\/\/knihovna.praha19.cz\/wp-content\/uploads\/2023\/04\/2023_03_29_Kbely_7-600x400.jpg 600w, https:\/\/knihovna.praha19.cz\/wp-content\/uploads\/2023\/04\/2023_03_29_Kbely_7-300x200.jpg 300w, https:\/\/knihovna.praha19.cz\/wp-content\/uploads\/2023\/04\/2023_03_29_Kbely_7-768x512.jpg 768w, https:\/\/knihovna.praha19.cz\/wp-content\/uploads\/2023\/04\/2023_03_29_Kbely_7-1536x1024.jpg 1536w, https:\/\/knihovna.praha19.cz\/wp-content\/uploads\/2023\/04\/2023_03_29_Kbely_7.jpg 1920w\" sizes=\"auto, (max-width: 1024px) 100vw, 1024px\" \/><\/figure>\n\n\n\n<figure class=\"wp-block-image size-large\"><img loading=\"lazy\" decoding=\"async\" width=\"1024\" height=\"683\" data-id=\"341\" src=\"https:\/\/knihovna.praha19.cz\/wp-content\/uploads\/2023\/04\/2023_03_29_Kbely_4-1024x683.jpg\" alt=\"\" class=\"wp-image-341\" srcset=\"https:\/\/knihovna.praha19.cz\/wp-content\/uploads\/2023\/04\/2023_03_29_Kbely_4-1024x683.jpg 1024w, https:\/\/knihovna.praha19.cz\/wp-content\/uploads\/2023\/04\/2023_03_29_Kbely_4-600x400.jpg 600w, https:\/\/knihovna.praha19.cz\/wp-content\/uploads\/2023\/04\/2023_03_29_Kbely_4-300x200.jpg 300w, https:\/\/knihovna.praha19.cz\/wp-content\/uploads\/2023\/04\/2023_03_29_Kbely_4-768x512.jpg 768w, https:\/\/knihovna.praha19.cz\/wp-content\/uploads\/2023\/04\/2023_03_29_Kbely_4-1536x1024.jpg 1536w, https:\/\/knihovna.praha19.cz\/wp-content\/uploads\/2023\/04\/2023_03_29_Kbely_4.jpg 1920w\" sizes=\"auto, (max-width: 1024px) 100vw, 1024px\" \/><\/figure>\n\n\n\n<figure class=\"wp-block-image size-large\"><img loading=\"lazy\" decoding=\"async\" width=\"1024\" height=\"683\" data-id=\"344\" src=\"https:\/\/knihovna.praha19.cz\/wp-content\/uploads\/2023\/04\/2023_03_29_Kbely_10-1024x683.jpg\" alt=\"\" class=\"wp-image-344\" srcset=\"https:\/\/knihovna.praha19.cz\/wp-content\/uploads\/2023\/04\/2023_03_29_Kbely_10-1024x683.jpg 1024w, https:\/\/knihovna.praha19.cz\/wp-content\/uploads\/2023\/04\/2023_03_29_Kbely_10-600x400.jpg 600w, https:\/\/knihovna.praha19.cz\/wp-content\/uploads\/2023\/04\/2023_03_29_Kbely_10-300x200.jpg 300w, https:\/\/knihovna.praha19.cz\/wp-content\/uploads\/2023\/04\/2023_03_29_Kbely_10-768x512.jpg 768w, https:\/\/knihovna.praha19.cz\/wp-content\/uploads\/2023\/04\/2023_03_29_Kbely_10-1536x1024.jpg 1536w, https:\/\/knihovna.praha19.cz\/wp-content\/uploads\/2023\/04\/2023_03_29_Kbely_10.jpg 1920w\" sizes=\"auto, (max-width: 1024px) 100vw, 1024px\" \/><\/figure>\n\n\n\n<figure class=\"wp-block-image size-large\"><img loading=\"lazy\" decoding=\"async\" width=\"1024\" height=\"683\" data-id=\"346\" src=\"https:\/\/knihovna.praha19.cz\/wp-content\/uploads\/2023\/04\/2023_03_29_Kbely_16-1024x683.jpg\" alt=\"\" class=\"wp-image-346\" srcset=\"https:\/\/knihovna.praha19.cz\/wp-content\/uploads\/2023\/04\/2023_03_29_Kbely_16-1024x683.jpg 1024w, https:\/\/knihovna.praha19.cz\/wp-content\/uploads\/2023\/04\/2023_03_29_Kbely_16-600x400.jpg 600w, https:\/\/knihovna.praha19.cz\/wp-content\/uploads\/2023\/04\/2023_03_29_Kbely_16-300x200.jpg 300w, https:\/\/knihovna.praha19.cz\/wp-content\/uploads\/2023\/04\/2023_03_29_Kbely_16-768x512.jpg 768w, https:\/\/knihovna.praha19.cz\/wp-content\/uploads\/2023\/04\/2023_03_29_Kbely_16-1536x1024.jpg 1536w, https:\/\/knihovna.praha19.cz\/wp-content\/uploads\/2023\/04\/2023_03_29_Kbely_16.jpg 1920w\" sizes=\"auto, (max-width: 1024px) 100vw, 1024px\" \/><\/figure>\n\n\n\n<figure class=\"wp-block-image size-large\"><img loading=\"lazy\" decoding=\"async\" width=\"1024\" height=\"683\" data-id=\"345\" src=\"https:\/\/knihovna.praha19.cz\/wp-content\/uploads\/2023\/04\/2023_03_29_Kbely_15-1024x683.jpg\" alt=\"\" class=\"wp-image-345\" srcset=\"https:\/\/knihovna.praha19.cz\/wp-content\/uploads\/2023\/04\/2023_03_29_Kbely_15-1024x683.jpg 1024w, https:\/\/knihovna.praha19.cz\/wp-content\/uploads\/2023\/04\/2023_03_29_Kbely_15-600x400.jpg 600w, https:\/\/knihovna.praha19.cz\/wp-content\/uploads\/2023\/04\/2023_03_29_Kbely_15-300x200.jpg 300w, https:\/\/knihovna.praha19.cz\/wp-content\/uploads\/2023\/04\/2023_03_29_Kbely_15-768x512.jpg 768w, https:\/\/knihovna.praha19.cz\/wp-content\/uploads\/2023\/04\/2023_03_29_Kbely_15-1536x1024.jpg 1536w, https:\/\/knihovna.praha19.cz\/wp-content\/uploads\/2023\/04\/2023_03_29_Kbely_15.jpg 1920w\" sizes=\"auto, (max-width: 1024px) 100vw, 1024px\" \/><\/figure>\n\n\n\n<figure class=\"wp-block-image size-large\"><img loading=\"lazy\" decoding=\"async\" width=\"1024\" height=\"683\" data-id=\"347\" src=\"https:\/\/knihovna.praha19.cz\/wp-content\/uploads\/2023\/04\/2023_03_29_Kbely_21-1024x683.jpg\" alt=\"\" class=\"wp-image-347\" srcset=\"https:\/\/knihovna.praha19.cz\/wp-content\/uploads\/2023\/04\/2023_03_29_Kbely_21-1024x683.jpg 1024w, https:\/\/knihovna.praha19.cz\/wp-content\/uploads\/2023\/04\/2023_03_29_Kbely_21-600x400.jpg 600w, https:\/\/knihovna.praha19.cz\/wp-content\/uploads\/2023\/04\/2023_03_29_Kbely_21-300x200.jpg 300w, https:\/\/knihovna.praha19.cz\/wp-content\/uploads\/2023\/04\/2023_03_29_Kbely_21-768x512.jpg 768w, https:\/\/knihovna.praha19.cz\/wp-content\/uploads\/2023\/04\/2023_03_29_Kbely_21-1536x1024.jpg 1536w, https:\/\/knihovna.praha19.cz\/wp-content\/uploads\/2023\/04\/2023_03_29_Kbely_21.jpg 1920w\" sizes=\"auto, (max-width: 1024px) 100vw, 1024px\" \/><\/figure>\n\n\n\n<figure class=\"wp-block-image size-large\"><img loading=\"lazy\" decoding=\"async\" width=\"1024\" height=\"683\" data-id=\"348\" src=\"https:\/\/knihovna.praha19.cz\/wp-content\/uploads\/2023\/04\/2023_03_29_Kbely_22-1024x683.jpg\" alt=\"\" class=\"wp-image-348\" srcset=\"https:\/\/knihovna.praha19.cz\/wp-content\/uploads\/2023\/04\/2023_03_29_Kbely_22-1024x683.jpg 1024w, https:\/\/knihovna.praha19.cz\/wp-content\/uploads\/2023\/04\/2023_03_29_Kbely_22-600x400.jpg 600w, https:\/\/knihovna.praha19.cz\/wp-content\/uploads\/2023\/04\/2023_03_29_Kbely_22-300x200.jpg 300w, https:\/\/knihovna.praha19.cz\/wp-content\/uploads\/2023\/04\/2023_03_29_Kbely_22-768x512.jpg 768w, https:\/\/knihovna.praha19.cz\/wp-content\/uploads\/2023\/04\/2023_03_29_Kbely_22-1536x1024.jpg 1536w, https:\/\/knihovna.praha19.cz\/wp-content\/uploads\/2023\/04\/2023_03_29_Kbely_22.jpg 1920w\" sizes=\"auto, (max-width: 1024px) 100vw, 1024px\" \/><\/figure>\n\n\n\n<figure class=\"wp-block-image size-large\"><img loading=\"lazy\" decoding=\"async\" width=\"1024\" height=\"683\" data-id=\"340\" src=\"https:\/\/knihovna.praha19.cz\/wp-content\/uploads\/2023\/04\/2023_03_29_Kbely_3-1024x683.jpg\" alt=\"\" class=\"wp-image-340\" srcset=\"https:\/\/knihovna.praha19.cz\/wp-content\/uploads\/2023\/04\/2023_03_29_Kbely_3-1024x683.jpg 1024w, https:\/\/knihovna.praha19.cz\/wp-content\/uploads\/2023\/04\/2023_03_29_Kbely_3-600x400.jpg 600w, https:\/\/knihovna.praha19.cz\/wp-content\/uploads\/2023\/04\/2023_03_29_Kbely_3-300x200.jpg 300w, https:\/\/knihovna.praha19.cz\/wp-content\/uploads\/2023\/04\/2023_03_29_Kbely_3-768x512.jpg 768w, https:\/\/knihovna.praha19.cz\/wp-content\/uploads\/2023\/04\/2023_03_29_Kbely_3-1536x1024.jpg 1536w, https:\/\/knihovna.praha19.cz\/wp-content\/uploads\/2023\/04\/2023_03_29_Kbely_3.jpg 1920w\" sizes=\"auto, (max-width: 1024px) 100vw, 1024px\" \/><\/figure>\n\n\n\n<figure class=\"wp-block-image size-large\"><img loading=\"lazy\" decoding=\"async\" width=\"1024\" height=\"683\" data-id=\"339\" src=\"https:\/\/knihovna.praha19.cz\/wp-content\/uploads\/2023\/04\/2023_03_29_Kbely_2-1024x683.jpg\" alt=\"\" class=\"wp-image-339\" srcset=\"https:\/\/knihovna.praha19.cz\/wp-content\/uploads\/2023\/04\/2023_03_29_Kbely_2-1024x683.jpg 1024w, https:\/\/knihovna.praha19.cz\/wp-content\/uploads\/2023\/04\/2023_03_29_Kbely_2-600x400.jpg 600w, https:\/\/knihovna.praha19.cz\/wp-content\/uploads\/2023\/04\/2023_03_29_Kbely_2-300x200.jpg 300w, https:\/\/knihovna.praha19.cz\/wp-content\/uploads\/2023\/04\/2023_03_29_Kbely_2-768x512.jpg 768w, https:\/\/knihovna.praha19.cz\/wp-content\/uploads\/2023\/04\/2023_03_29_Kbely_2-1536x1024.jpg 1536w, https:\/\/knihovna.praha19.cz\/wp-content\/uploads\/2023\/04\/2023_03_29_Kbely_2.jpg 1920w\" sizes=\"auto, (max-width: 1024px) 100vw, 1024px\" \/><\/figure>\n\n\n\n<figure class=\"wp-block-image size-large\"><img loading=\"lazy\" decoding=\"async\" width=\"1024\" height=\"683\" data-id=\"338\" src=\"https:\/\/knihovna.praha19.cz\/wp-content\/uploads\/2023\/04\/2023_03_29_Kbely_50-1024x683.jpg\" alt=\"\" class=\"wp-image-338\" srcset=\"https:\/\/knihovna.praha19.cz\/wp-content\/uploads\/2023\/04\/2023_03_29_Kbely_50-1024x683.jpg 1024w, https:\/\/knihovna.praha19.cz\/wp-content\/uploads\/2023\/04\/2023_03_29_Kbely_50-600x400.jpg 600w, https:\/\/knihovna.praha19.cz\/wp-content\/uploads\/2023\/04\/2023_03_29_Kbely_50-300x200.jpg 300w, https:\/\/knihovna.praha19.cz\/wp-content\/uploads\/2023\/04\/2023_03_29_Kbely_50-768x512.jpg 768w, https:\/\/knihovna.praha19.cz\/wp-content\/uploads\/2023\/04\/2023_03_29_Kbely_50-1536x1024.jpg 1536w, https:\/\/knihovna.praha19.cz\/wp-content\/uploads\/2023\/04\/2023_03_29_Kbely_50.jpg 1920w\" sizes=\"auto, (max-width: 1024px) 100vw, 1024px\" \/><\/figure>\n\n\n\n<figure class=\"wp-block-image size-large\"><img loading=\"lazy\" decoding=\"async\" width=\"1024\" height=\"683\" data-id=\"337\" src=\"https:\/\/knihovna.praha19.cz\/wp-content\/uploads\/2023\/04\/2023_03_29_Kbely_48-1024x683.jpg\" alt=\"\" class=\"wp-image-337\" srcset=\"https:\/\/knihovna.praha19.cz\/wp-content\/uploads\/2023\/04\/2023_03_29_Kbely_48-1024x683.jpg 1024w, https:\/\/knihovna.praha19.cz\/wp-content\/uploads\/2023\/04\/2023_03_29_Kbely_48-600x400.jpg 600w, https:\/\/knihovna.praha19.cz\/wp-content\/uploads\/2023\/04\/2023_03_29_Kbely_48-300x200.jpg 300w, https:\/\/knihovna.praha19.cz\/wp-content\/uploads\/2023\/04\/2023_03_29_Kbely_48-768x512.jpg 768w, https:\/\/knihovna.praha19.cz\/wp-content\/uploads\/2023\/04\/2023_03_29_Kbely_48-1536x1024.jpg 1536w, https:\/\/knihovna.praha19.cz\/wp-content\/uploads\/2023\/04\/2023_03_29_Kbely_48.jpg 1920w\" sizes=\"auto, (max-width: 1024px) 100vw, 1024px\" \/><\/figure>\n\n\n\n<figure class=\"wp-block-image size-large\"><img loading=\"lazy\" decoding=\"async\" width=\"1024\" height=\"683\" data-id=\"336\" src=\"https:\/\/knihovna.praha19.cz\/wp-content\/uploads\/2023\/04\/2023_03_29_Kbely_47-1024x683.jpg\" alt=\"\" class=\"wp-image-336\" srcset=\"https:\/\/knihovna.praha19.cz\/wp-content\/uploads\/2023\/04\/2023_03_29_Kbely_47-1024x683.jpg 1024w, https:\/\/knihovna.praha19.cz\/wp-content\/uploads\/2023\/04\/2023_03_29_Kbely_47-600x400.jpg 600w, https:\/\/knihovna.praha19.cz\/wp-content\/uploads\/2023\/04\/2023_03_29_Kbely_47-300x200.jpg 300w, https:\/\/knihovna.praha19.cz\/wp-content\/uploads\/2023\/04\/2023_03_29_Kbely_47-768x512.jpg 768w, https:\/\/knihovna.praha19.cz\/wp-content\/uploads\/2023\/04\/2023_03_29_Kbely_47-1536x1024.jpg 1536w, https:\/\/knihovna.praha19.cz\/wp-content\/uploads\/2023\/04\/2023_03_29_Kbely_47.jpg 1920w\" sizes=\"auto, (max-width: 1024px) 100vw, 1024px\" \/><\/figure>\n\n\n\n<figure class=\"wp-block-image size-large\"><img loading=\"lazy\" decoding=\"async\" width=\"1024\" height=\"683\" data-id=\"335\" src=\"https:\/\/knihovna.praha19.cz\/wp-content\/uploads\/2023\/04\/2023_03_29_Kbely_44-1024x683.jpg\" alt=\"\" class=\"wp-image-335\" srcset=\"https:\/\/knihovna.praha19.cz\/wp-content\/uploads\/2023\/04\/2023_03_29_Kbely_44-1024x683.jpg 1024w, https:\/\/knihovna.praha19.cz\/wp-content\/uploads\/2023\/04\/2023_03_29_Kbely_44-600x400.jpg 600w, https:\/\/knihovna.praha19.cz\/wp-content\/uploads\/2023\/04\/2023_03_29_Kbely_44-300x200.jpg 300w, https:\/\/knihovna.praha19.cz\/wp-content\/uploads\/2023\/04\/2023_03_29_Kbely_44-768x512.jpg 768w, https:\/\/knihovna.praha19.cz\/wp-content\/uploads\/2023\/04\/2023_03_29_Kbely_44-1536x1024.jpg 1536w, https:\/\/knihovna.praha19.cz\/wp-content\/uploads\/2023\/04\/2023_03_29_Kbely_44.jpg 1920w\" sizes=\"auto, (max-width: 1024px) 100vw, 1024px\" \/><\/figure>\n\n\n\n<figure class=\"wp-block-image size-large\"><img loading=\"lazy\" decoding=\"async\" width=\"1024\" height=\"683\" data-id=\"334\" src=\"https:\/\/knihovna.praha19.cz\/wp-content\/uploads\/2023\/04\/2023_03_29_Kbely_41-1024x683.jpg\" alt=\"\" class=\"wp-image-334\" srcset=\"https:\/\/knihovna.praha19.cz\/wp-content\/uploads\/2023\/04\/2023_03_29_Kbely_41-1024x683.jpg 1024w, https:\/\/knihovna.praha19.cz\/wp-content\/uploads\/2023\/04\/2023_03_29_Kbely_41-600x400.jpg 600w, https:\/\/knihovna.praha19.cz\/wp-content\/uploads\/2023\/04\/2023_03_29_Kbely_41-300x200.jpg 300w, https:\/\/knihovna.praha19.cz\/wp-content\/uploads\/2023\/04\/2023_03_29_Kbely_41-768x512.jpg 768w, https:\/\/knihovna.praha19.cz\/wp-content\/uploads\/2023\/04\/2023_03_29_Kbely_41-1536x1024.jpg 1536w, https:\/\/knihovna.praha19.cz\/wp-content\/uploads\/2023\/04\/2023_03_29_Kbely_41.jpg 1920w\" sizes=\"auto, (max-width: 1024px) 100vw, 1024px\" \/><\/figure>\n\n\n\n<figure class=\"wp-block-image size-large\"><img loading=\"lazy\" decoding=\"async\" width=\"1024\" height=\"683\" data-id=\"333\" src=\"https:\/\/knihovna.praha19.cz\/wp-content\/uploads\/2023\/04\/2023_03_29_Kbely_40-1024x683.jpg\" alt=\"\" class=\"wp-image-333\" srcset=\"https:\/\/knihovna.praha19.cz\/wp-content\/uploads\/2023\/04\/2023_03_29_Kbely_40-1024x683.jpg 1024w, https:\/\/knihovna.praha19.cz\/wp-content\/uploads\/2023\/04\/2023_03_29_Kbely_40-600x400.jpg 600w, https:\/\/knihovna.praha19.cz\/wp-content\/uploads\/2023\/04\/2023_03_29_Kbely_40-300x200.jpg 300w, https:\/\/knihovna.praha19.cz\/wp-content\/uploads\/2023\/04\/2023_03_29_Kbely_40-768x512.jpg 768w, https:\/\/knihovna.praha19.cz\/wp-content\/uploads\/2023\/04\/2023_03_29_Kbely_40-1536x1024.jpg 1536w, https:\/\/knihovna.praha19.cz\/wp-content\/uploads\/2023\/04\/2023_03_29_Kbely_40.jpg 1920w\" sizes=\"auto, (max-width: 1024px) 100vw, 1024px\" \/><\/figure>\n\n\n\n<figure class=\"wp-block-image size-large\"><img loading=\"lazy\" decoding=\"async\" width=\"1024\" height=\"683\" data-id=\"332\" src=\"https:\/\/knihovna.praha19.cz\/wp-content\/uploads\/2023\/04\/2023_03_29_Kbely_38-1024x683.jpg\" alt=\"\" class=\"wp-image-332\" srcset=\"https:\/\/knihovna.praha19.cz\/wp-content\/uploads\/2023\/04\/2023_03_29_Kbely_38-1024x683.jpg 1024w, https:\/\/knihovna.praha19.cz\/wp-content\/uploads\/2023\/04\/2023_03_29_Kbely_38-600x400.jpg 600w, https:\/\/knihovna.praha19.cz\/wp-content\/uploads\/2023\/04\/2023_03_29_Kbely_38-300x200.jpg 300w, https:\/\/knihovna.praha19.cz\/wp-content\/uploads\/2023\/04\/2023_03_29_Kbely_38-768x512.jpg 768w, https:\/\/knihovna.praha19.cz\/wp-content\/uploads\/2023\/04\/2023_03_29_Kbely_38-1536x1024.jpg 1536w, https:\/\/knihovna.praha19.cz\/wp-content\/uploads\/2023\/04\/2023_03_29_Kbely_38.jpg 1920w\" sizes=\"auto, (max-width: 1024px) 100vw, 1024px\" \/><\/figure>\n\n\n\n<figure class=\"wp-block-image size-large\"><img loading=\"lazy\" decoding=\"async\" width=\"1024\" height=\"683\" data-id=\"331\" src=\"https:\/\/knihovna.praha19.cz\/wp-content\/uploads\/2023\/04\/2023_03_29_Kbely_33-1024x683.jpg\" alt=\"\" class=\"wp-image-331\" srcset=\"https:\/\/knihovna.praha19.cz\/wp-content\/uploads\/2023\/04\/2023_03_29_Kbely_33-1024x683.jpg 1024w, https:\/\/knihovna.praha19.cz\/wp-content\/uploads\/2023\/04\/2023_03_29_Kbely_33-600x400.jpg 600w, https:\/\/knihovna.praha19.cz\/wp-content\/uploads\/2023\/04\/2023_03_29_Kbely_33-300x200.jpg 300w, https:\/\/knihovna.praha19.cz\/wp-content\/uploads\/2023\/04\/2023_03_29_Kbely_33-768x512.jpg 768w, https:\/\/knihovna.praha19.cz\/wp-content\/uploads\/2023\/04\/2023_03_29_Kbely_33-1536x1024.jpg 1536w, https:\/\/knihovna.praha19.cz\/wp-content\/uploads\/2023\/04\/2023_03_29_Kbely_33.jpg 1920w\" sizes=\"auto, (max-width: 1024px) 100vw, 1024px\" \/><\/figure>\n\n\n\n<figure class=\"wp-block-image size-large\"><img loading=\"lazy\" decoding=\"async\" width=\"1024\" height=\"683\" data-id=\"330\" src=\"https:\/\/knihovna.praha19.cz\/wp-content\/uploads\/2023\/04\/2023_03_29_Kbely_31-1024x683.jpg\" alt=\"\" class=\"wp-image-330\" srcset=\"https:\/\/knihovna.praha19.cz\/wp-content\/uploads\/2023\/04\/2023_03_29_Kbely_31-1024x683.jpg 1024w, https:\/\/knihovna.praha19.cz\/wp-content\/uploads\/2023\/04\/2023_03_29_Kbely_31-600x400.jpg 600w, https:\/\/knihovna.praha19.cz\/wp-content\/uploads\/2023\/04\/2023_03_29_Kbely_31-300x200.jpg 300w, https:\/\/knihovna.praha19.cz\/wp-content\/uploads\/2023\/04\/2023_03_29_Kbely_31-768x512.jpg 768w, https:\/\/knihovna.praha19.cz\/wp-content\/uploads\/2023\/04\/2023_03_29_Kbely_31-1536x1024.jpg 1536w, https:\/\/knihovna.praha19.cz\/wp-content\/uploads\/2023\/04\/2023_03_29_Kbely_31.jpg 1920w\" sizes=\"auto, (max-width: 1024px) 100vw, 1024px\" \/><\/figure>\n\n\n\n<figure class=\"wp-block-image size-large\"><img loading=\"lazy\" decoding=\"async\" width=\"1024\" height=\"683\" data-id=\"329\" src=\"https:\/\/knihovna.praha19.cz\/wp-content\/uploads\/2023\/04\/2023_03_29_Kbely_29-1024x683.jpg\" alt=\"\" class=\"wp-image-329\" srcset=\"https:\/\/knihovna.praha19.cz\/wp-content\/uploads\/2023\/04\/2023_03_29_Kbely_29-1024x683.jpg 1024w, https:\/\/knihovna.praha19.cz\/wp-content\/uploads\/2023\/04\/2023_03_29_Kbely_29-600x400.jpg 600w, https:\/\/knihovna.praha19.cz\/wp-content\/uploads\/2023\/04\/2023_03_29_Kbely_29-300x200.jpg 300w, https:\/\/knihovna.praha19.cz\/wp-content\/uploads\/2023\/04\/2023_03_29_Kbely_29-768x512.jpg 768w, https:\/\/knihovna.praha19.cz\/wp-content\/uploads\/2023\/04\/2023_03_29_Kbely_29-1536x1024.jpg 1536w, https:\/\/knihovna.praha19.cz\/wp-content\/uploads\/2023\/04\/2023_03_29_Kbely_29.jpg 1920w\" sizes=\"auto, (max-width: 1024px) 100vw, 1024px\" \/><\/figure>\n\n\n\n<figure class=\"wp-block-image size-large\"><img loading=\"lazy\" decoding=\"async\" width=\"1024\" height=\"683\" data-id=\"328\" src=\"https:\/\/knihovna.praha19.cz\/wp-content\/uploads\/2023\/04\/2023_03_29_Kbely_27-1024x683.jpg\" alt=\"\" class=\"wp-image-328\" srcset=\"https:\/\/knihovna.praha19.cz\/wp-content\/uploads\/2023\/04\/2023_03_29_Kbely_27-1024x683.jpg 1024w, https:\/\/knihovna.praha19.cz\/wp-content\/uploads\/2023\/04\/2023_03_29_Kbely_27-600x400.jpg 600w, https:\/\/knihovna.praha19.cz\/wp-content\/uploads\/2023\/04\/2023_03_29_Kbely_27-300x200.jpg 300w, https:\/\/knihovna.praha19.cz\/wp-content\/uploads\/2023\/04\/2023_03_29_Kbely_27-768x512.jpg 768w, https:\/\/knihovna.praha19.cz\/wp-content\/uploads\/2023\/04\/2023_03_29_Kbely_27-1536x1024.jpg 1536w, https:\/\/knihovna.praha19.cz\/wp-content\/uploads\/2023\/04\/2023_03_29_Kbely_27.jpg 1920w\" sizes=\"auto, (max-width: 1024px) 100vw, 1024px\" \/><\/figure>\n\n\n\n<figure class=\"wp-block-image size-large\"><img loading=\"lazy\" decoding=\"async\" width=\"1024\" height=\"683\" data-id=\"327\" src=\"https:\/\/knihovna.praha19.cz\/wp-content\/uploads\/2023\/04\/2023_03_29_Kbely_25-1024x683.jpg\" alt=\"\" class=\"wp-image-327\" srcset=\"https:\/\/knihovna.praha19.cz\/wp-content\/uploads\/2023\/04\/2023_03_29_Kbely_25-1024x683.jpg 1024w, https:\/\/knihovna.praha19.cz\/wp-content\/uploads\/2023\/04\/2023_03_29_Kbely_25-600x400.jpg 600w, https:\/\/knihovna.praha19.cz\/wp-content\/uploads\/2023\/04\/2023_03_29_Kbely_25-300x200.jpg 300w, https:\/\/knihovna.praha19.cz\/wp-content\/uploads\/2023\/04\/2023_03_29_Kbely_25-768x512.jpg 768w, https:\/\/knihovna.praha19.cz\/wp-content\/uploads\/2023\/04\/2023_03_29_Kbely_25-1536x1024.jpg 1536w, https:\/\/knihovna.praha19.cz\/wp-content\/uploads\/2023\/04\/2023_03_29_Kbely_25.jpg 1920w\" sizes=\"auto, (max-width: 1024px) 100vw, 1024px\" \/><\/figure>\n<\/figure>\n","protected":false},"excerpt":{"rendered":"<p>P\u00e1tek 31. 3. 2023 St\u0159ede\u010dn\u00ed podve\u010der 29.b\u0159ezna 2023 pat\u0159il v kbelsk\u00e9 knihovn\u011b \u00fa\u010dastn\u00edk\u016fm ji\u017e 4. ro\u010dn\u00edku sout\u011b\u017ee amat\u00e9rsk\u00fdch fotograf\u016f. Slavnostn\u00ed program vernis\u00e1\u017ee doplnilo ocen\u011bn\u00ed nejlep\u0161\u00edch fotografi\u00ed, kter\u00e9 usp\u011bly ve dvou sout\u011b\u017en\u00edch kategori\u00edch. Porota m\u011bla op\u011bt velmi t\u011b\u017ekou pr\u00e1ci s rozhodov\u00e1n\u00edm, nebo\u0165 p\u011bkn\u00fdch a p\u016fsobiv\u00fdch fotografi\u00ed dorazila cel\u00e1 \u0159ada. V\u00fdherci byli vyhl\u00e1\u0161eni nakonec v tomto po\u0159ad\u00ed: [&hellip;]<\/p>\n","protected":false},"author":2,"featured_media":339,"parent":2,"menu_order":3,"comment_status":"closed","ping_status":"closed","template":"","meta":{"_monsterinsights_skip_tracking":false,"_monsterinsights_sitenote_active":false,"_monsterinsights_sitenote_note":"","_monsterinsights_sitenote_category":0,"footnotes":""},"class_list":["post-354","page","type-page","status-publish","has-post-thumbnail","hentry"],"_links":{"self":[{"href":"https:\/\/knihovna.praha19.cz\/index.php?rest_route=\/wp\/v2\/pages\/354","targetHints":{"allow":["GET"]}}],"collection":[{"href":"https:\/\/knihovna.praha19.cz\/index.php?rest_route=\/wp\/v2\/pages"}],"about":[{"href":"https:\/\/knihovna.praha19.cz\/index.php?rest_route=\/wp\/v2\/types\/page"}],"author":[{"embeddable":true,"href":"https:\/\/knihovna.praha19.cz\/index.php?rest_route=\/wp\/v2\/users\/2"}],"replies":[{"embeddable":true,"href":"https:\/\/knihovna.praha19.cz\/index.php?rest_route=%2Fwp%2Fv2%2Fcomments&post=354"}],"version-history":[{"count":4,"href":"https:\/\/knihovna.praha19.cz\/index.php?rest_route=\/wp\/v2\/pages\/354\/revisions"}],"predecessor-version":[{"id":612,"href":"https:\/\/knihovna.praha19.cz\/index.php?rest_route=\/wp\/v2\/pages\/354\/revisions\/612"}],"up":[{"embeddable":true,"href":"https:\/\/knihovna.praha19.cz\/index.php?rest_route=\/wp\/v2\/pages\/2"}],"wp:featuredmedia":[{"embeddable":true,"href":"https:\/\/knihovna.praha19.cz\/index.php?rest_route=\/wp\/v2\/media\/339"}],"wp:attachment":[{"href":"https:\/\/knihovna.praha19.cz\/index.php?rest_route=%2Fwp%2Fv2%2Fmedia&parent=354"}],"curies":[{"name":"wp","href":"https:\/\/api.w.org\/{rel}","templated":true}]}}