{"id":863,"date":"2023-11-13T18:15:32","date_gmt":"2023-11-13T16:15:32","guid":{"rendered":"https:\/\/knihovna.praha19.cz\/?page_id=863"},"modified":"2024-01-03T19:00:11","modified_gmt":"2024-01-03T17:00:11","slug":"metropolitni-knihovna","status":"publish","type":"page","link":"https:\/\/knihovna.praha19.cz\/?page_id=863","title":{"rendered":"Metropolitn\u00ed knihovna"},"content":{"rendered":"\n<p class=\"has-black-color has-text-color has-link-color has-medium-font-size wp-elements-15803116f0ef495a43a5386db0149ca2\">Kbelsk\u00e1 knihovna se ji\u017e p\u0159ed lety, jako jedna z&nbsp;prvn\u00edch 4 pra\u017esk\u00fdch region\u00e1ln\u00edch knihoven, zapojila do projektu Metropolitn\u00ed knihovna, kter\u00fd navazuje \u00fazkou spolupr\u00e1ci s&nbsp;M\u011bstskou knihovnou v&nbsp;Praze (MKP). &nbsp;Tato vz\u00e1jemn\u00e1 spolupr\u00e1ce umo\u017e\u0148uje zajistit zaj\u00edmavou slu\u017ebu pro \u010dten\u00e1\u0159e jak na\u0161\u00ed knihovny, tak i u\u017eivatel\u016f MKP. D\u00edky t\u00e9to kooperaci je \u010dten\u00e1\u0159\u016fm umo\u017en\u011bno vracet tituly zap\u016fj\u010den\u00e9 v&nbsp;pobo\u010dk\u00e1ch MKP v&nbsp;na\u0161\u00ed kbelsk\u00e9 knihovn\u011b, a naopak knihy z&nbsp;na\u0161eho fondu je mo\u017en\u00e9 vr\u00e1tit na kter\u00e9koliv pobo\u010dce MKP. Dlouhodob\u00fdm c\u00edlem je umo\u017enit \u010dten\u00e1\u0159\u016fm vracet knihy na r\u016fzn\u00fdch m\u00edstech Prahy, nap\u0159. p\u0159i cest\u011b do zam\u011bstn\u00e1n\u00ed. Tato slu\u017eba v\u0161ak neumo\u017e\u0148uje p\u016fj\u010dov\u00e1n\u00ed knih, ani neslou\u017e\u00ed jako varianta meziknihovn\u00ed slu\u017eby (MVS).<\/p>\n\n\n\n<p class=\"has-black-color has-text-color has-link-color has-medium-font-size wp-elements-95fa3f65a46b01d5313a658c4d88b21c\">M\u00edstn\u00ed knihovna Kbely spolupracuje s\u00a0M\u011bstskou knihovnou Praha dlouhodob\u011b, nap\u0159. v\u00a0r\u00e1mci mo\u017enosti vyu\u017e\u00edvat tzv. v\u00fdm\u011bnn\u00fd soubor, kdy je kbelsk\u00e9 knihovn\u011b, zhruba 2xro\u010dn\u011b, zap\u016fj\u010deno zna\u010dn\u00e9 mno\u017estv\u00ed knih, kter\u00fdmi m\u016f\u017eeme po ur\u010ditou dobu obohatit n\u00e1\u0161 knihovn\u00ed fond.<\/p>\n","protected":false},"excerpt":{"rendered":"<p>Kbelsk\u00e1 knihovna se ji\u017e p\u0159ed lety, jako jedna z&nbsp;prvn\u00edch 4 pra\u017esk\u00fdch region\u00e1ln\u00edch knihoven, zapojila do projektu Metropolitn\u00ed knihovna, kter\u00fd navazuje \u00fazkou spolupr\u00e1ci s&nbsp;M\u011bstskou knihovnou v&nbsp;Praze (MKP). &nbsp;Tato vz\u00e1jemn\u00e1 spolupr\u00e1ce umo\u017e\u0148uje zajistit zaj\u00edmavou slu\u017ebu pro \u010dten\u00e1\u0159e jak na\u0161\u00ed knihovny, tak i u\u017eivatel\u016f MKP. D\u00edky t\u00e9to kooperaci je \u010dten\u00e1\u0159\u016fm umo\u017en\u011bno vracet tituly zap\u016fj\u010den\u00e9 v&nbsp;pobo\u010dk\u00e1ch MKP v&nbsp;na\u0161\u00ed kbelsk\u00e9 [&hellip;]<\/p>\n","protected":false},"author":2,"featured_media":865,"parent":162,"menu_order":6,"comment_status":"closed","ping_status":"closed","template":"","meta":{"_monsterinsights_skip_tracking":false,"_monsterinsights_sitenote_active":false,"_monsterinsights_sitenote_note":"","_monsterinsights_sitenote_category":0,"footnotes":""},"class_list":["post-863","page","type-page","status-publish","has-post-thumbnail","hentry"],"_links":{"self":[{"href":"https:\/\/knihovna.praha19.cz\/index.php?rest_route=\/wp\/v2\/pages\/863","targetHints":{"allow":["GET"]}}],"collection":[{"href":"https:\/\/knihovna.praha19.cz\/index.php?rest_route=\/wp\/v2\/pages"}],"about":[{"href":"https:\/\/knihovna.praha19.cz\/index.php?rest_route=\/wp\/v2\/types\/page"}],"author":[{"embeddable":true,"href":"https:\/\/knihovna.praha19.cz\/index.php?rest_route=\/wp\/v2\/users\/2"}],"replies":[{"embeddable":true,"href":"https:\/\/knihovna.praha19.cz\/index.php?rest_route=%2Fwp%2Fv2%2Fcomments&post=863"}],"version-history":[{"count":2,"href":"https:\/\/knihovna.praha19.cz\/index.php?rest_route=\/wp\/v2\/pages\/863\/revisions"}],"predecessor-version":[{"id":913,"href":"https:\/\/knihovna.praha19.cz\/index.php?rest_route=\/wp\/v2\/pages\/863\/revisions\/913"}],"up":[{"embeddable":true,"href":"https:\/\/knihovna.praha19.cz\/index.php?rest_route=\/wp\/v2\/pages\/162"}],"wp:featuredmedia":[{"embeddable":true,"href":"https:\/\/knihovna.praha19.cz\/index.php?rest_route=\/wp\/v2\/media\/865"}],"wp:attachment":[{"href":"https:\/\/knihovna.praha19.cz\/index.php?rest_route=%2Fwp%2Fv2%2Fmedia&parent=863"}],"curies":[{"name":"wp","href":"https:\/\/api.w.org\/{rel}","templated":true}]}}