{"id":90,"date":"2022-12-08T12:46:17","date_gmt":"2022-12-08T11:46:17","guid":{"rendered":"https:\/\/knihovna.praha19.cz\/?page_id=90"},"modified":"2024-03-21T00:59:50","modified_gmt":"2024-03-20T22:59:50","slug":"kontakt","status":"publish","type":"page","link":"https:\/\/knihovna.praha19.cz\/?page_id=90","title":{"rendered":"Kontakt"},"content":{"rendered":"\n<p class=\"has-black-color has-text-color has-medium-font-size\">Chcete-li se s n\u00e1mi spojit, m\u016f\u017eete vyu\u017e\u00edt n\u00e1sleduj\u00edc\u00ed kontakty<\/p>\n\n\n\n<p class=\"has-black-color has-text-color has-medium-font-size\">Iveta Novotn\u00e1 \u2013 knihovnice &#8211; telefon: &nbsp;<strong><a href=\"tel:+420284080878\">284 08 08 78<\/a><\/strong><br><a href=\"https:\/\/www.google.com\/maps\/place\/Semilsk%C3%A1+43%2F1,+197+00+Praha+19\/@50.1338118,14.5446582,17z\/data=!3m1!4b1!4m6!3m5!1s0x470bed017081bbfb:0xfa0ca479b33412f1!8m2!3d50.1338118!4d14.5472331!16s%2Fg%2F11fpfjg1_5?authuser=0\">Semilsk\u00e1 43\/1,<br>197 00, Praha 9-Kbely<\/a>   (Naviga\u010dn\u00ed mapa n\u00ed\u017ee, nebo sta\u010d\u00ed kliknout na adresu)<\/p>\n\n\n\n<p class=\"has-luminous-vivid-orange-color has-text-color has-medium-font-size\"><strong>e-mail:&nbsp;<a href=\"mailto:info@knihovna.praha19.cz\">info@knihovna.praha19.cz<\/a> (nov\u00e1 adresa, vyu\u017e\u00edvejte v pln\u00e9 m\u00ed\u0159e)<\/strong><\/p>\n\n\n\n<p class=\"has-medium-font-size\" style=\"text-decoration:line-through\"><strong>e-mail:&nbsp;knihovna.kbely@seznam.cz<\/strong> (star\u00e1 adresa, ji\u017e pros\u00edm nepou\u017e\u00edvejte)<\/p>\n\n\n\n<p class=\"has-luminous-vivid-orange-color has-text-color has-medium-font-size\"><strong>V provozn\u00ed dobu knihovny<\/strong> m\u016f\u017eete volat i na mobil: <strong><a href=\"tel:+420734681683\">734 681 683<\/a><\/strong><\/p>\n\n\n\n<p class=\"has-black-color has-text-color has-link-color has-large-font-size wp-elements-5b2db561c64e2582f70aeb8834427b44\">nebo n\u00e1m n\u00ed\u017ee m\u016f\u017eete rovnou napsat<\/p>\n\n\n\n<div class=\"wpcf7 no-js\" id=\"wpcf7-f89-o1\" lang=\"cs-CZ\" dir=\"ltr\" data-wpcf7-id=\"89\">\n<div class=\"screen-reader-response\"><p role=\"status\" aria-live=\"polite\" aria-atomic=\"true\"><\/p> <ul><\/ul><\/div>\n<form action=\"\/index.php?rest_route=%2Fwp%2Fv2%2Fpages%2F90#wpcf7-f89-o1\" method=\"post\" class=\"wpcf7-form init\" aria-label=\"Kontaktn\u00ed formul\u00e1\u0159\" novalidate=\"novalidate\" data-status=\"init\">\n<fieldset class=\"hidden-fields-container\"><input type=\"hidden\" name=\"_wpcf7\" value=\"89\" \/><input type=\"hidden\" name=\"_wpcf7_version\" value=\"6.1.5\" \/><input type=\"hidden\" name=\"_wpcf7_locale\" value=\"cs_CZ\" \/><input type=\"hidden\" name=\"_wpcf7_unit_tag\" value=\"wpcf7-f89-o1\" \/><input type=\"hidden\" name=\"_wpcf7_container_post\" value=\"0\" \/><input type=\"hidden\" name=\"_wpcf7_posted_data_hash\" value=\"\" \/>\n<\/fieldset>\n<p><label> Va\u0161e jm\u00e9no<br \/>\n<span class=\"wpcf7-form-control-wrap\" data-name=\"your-name\"><input size=\"40\" maxlength=\"400\" class=\"wpcf7-form-control wpcf7-text wpcf7-validates-as-required\" aria-required=\"true\" aria-invalid=\"false\" value=\"\" type=\"text\" name=\"your-name\" \/><\/span> <\/label>\n<\/p>\n<p><label> V\u00e1\u0161 e-mail<br \/>\n<span class=\"wpcf7-form-control-wrap\" data-name=\"your-email\"><input size=\"40\" maxlength=\"400\" class=\"wpcf7-form-control wpcf7-email wpcf7-validates-as-required wpcf7-text wpcf7-validates-as-email\" aria-required=\"true\" aria-invalid=\"false\" value=\"\" type=\"email\" name=\"your-email\" \/><\/span> <\/label>\n<\/p>\n<p><label> P\u0159edm\u011bt<br \/>\n<span class=\"wpcf7-form-control-wrap\" data-name=\"your-subject\"><input size=\"40\" maxlength=\"400\" class=\"wpcf7-form-control wpcf7-text wpcf7-validates-as-required\" aria-required=\"true\" aria-invalid=\"false\" value=\"\" type=\"text\" name=\"your-subject\" \/><\/span> <\/label>\n<\/p>\n<p><label> Va\u0161e zpr\u00e1va (voliteln\u00fd)<br \/>\n<span class=\"wpcf7-form-control-wrap\" data-name=\"your-message\"><textarea cols=\"40\" rows=\"10\" maxlength=\"2000\" class=\"wpcf7-form-control wpcf7-textarea\" aria-invalid=\"false\" name=\"your-message\"><\/textarea><\/span> <\/label>\n<\/p>\n<p><span class=\"wpcf7-form-control-wrap\" data-name=\"acceptance-978\"><span class=\"wpcf7-form-control wpcf7-acceptance\"><span class=\"wpcf7-list-item\"><label><input type=\"checkbox\" name=\"acceptance-978\" value=\"1\" aria-invalid=\"false\" \/><span class=\"wpcf7-list-item-label\">Souhlas\u00edm se zpracov\u00e1n\u00edm sv\u00fdch osobn\u00edch \u00fadaj\u016f za \u00fa\u010delem vy\u0159\u00edzen\u00ed m\u00e9ho podn\u011btu. <a href=\"https:\/\/knihovna.praha19.cz\/privacy-policy\/\/\">Bli\u017e\u0161\u00ed informace o zpracov\u00e1v\u00e1n\u00ed osobn\u00edch \u00fadaj\u016f.<\/a><\/span><\/label><\/span><\/span><\/span>\n<\/p>\n<p><input class=\"wpcf7-form-control wpcf7-submit has-spinner\" type=\"submit\" value=\"Odeslat\" \/>\n<\/p><p style=\"display: none !important;\" class=\"akismet-fields-container\" data-prefix=\"_wpcf7_ak_\"><label>&#916;<textarea name=\"_wpcf7_ak_hp_textarea\" cols=\"45\" rows=\"8\" maxlength=\"100\"><\/textarea><\/label><input type=\"hidden\" id=\"ak_js_1\" name=\"_wpcf7_ak_js\" value=\"118\"\/><script type=\"text\/javascript\">\n\/* <![CDATA[ *\/\ndocument.getElementById( \"ak_js_1\" ).setAttribute( \"value\", ( new Date() ).getTime() );\n\/* ]]> *\/\n<\/script>\n<\/p><div class=\"wpcf7-response-output\" aria-hidden=\"true\"><\/div>\n<\/form>\n<\/div>\n\n\n\n\n<hr class=\"wp-block-separator has-alpha-channel-opacity is-style-wide\"\/>\n\n\n\n<div style=\"height:25px\" aria-hidden=\"true\" class=\"wp-block-spacer\"><\/div>\n\n\n\n<h2 class=\"wp-block-heading has-black-color has-text-color has-link-color has-medium-font-size wp-elements-5c74748e69ec064b56f5fcf910b20627\">Kudy k n\u00e1m&#8230;<\/h2>\n\n\n\n<div style=\"height:25px\" aria-hidden=\"true\" class=\"wp-block-spacer\"><\/div>\n\n\n\n<iframe src=\"https:\/\/www.google.com\/maps\/embed?pb=!1m18!1m12!1m3!1d2557.4607569046548!2d14.544658176912993!3d50.13381177153342!2m3!1f0!2f0!3f0!3m2!1i1024!2i768!4f13.1!3m3!1m2!1s0x470bed017a080ee3%3A0x4142842e61daf107!2sSemilsk%C3%A1%2C%20197%2000%20Praha%2019!5e0!3m2!1scs!2scz!4v1681913026683!5m2!1scs!2scz\" width=\"600\" height=\"450\" style=\"border:0;\" allowfullscreen=\"\" loading=\"lazy\" referrerpolicy=\"no-referrer-when-downgrade\"><\/iframe>\n","protected":false},"excerpt":{"rendered":"<p>Chcete-li se s n\u00e1mi spojit, m\u016f\u017eete vyu\u017e\u00edt n\u00e1sleduj\u00edc\u00ed kontakty Iveta Novotn\u00e1 \u2013 knihovnice &#8211; telefon: &nbsp;284 08 08 78Semilsk\u00e1 43\/1,197 00, Praha 9-Kbely (Naviga\u010dn\u00ed mapa n\u00ed\u017ee, nebo sta\u010d\u00ed kliknout na adresu) e-mail:&nbsp;info@knihovna.praha19.cz (nov\u00e1 adresa, vyu\u017e\u00edvejte v pln\u00e9 m\u00ed\u0159e) e-mail:&nbsp;knihovna.kbely@seznam.cz (star\u00e1 adresa, ji\u017e pros\u00edm nepou\u017e\u00edvejte) V provozn\u00ed dobu knihovny m\u016f\u017eete volat i na mobil: 734 681 [&hellip;]<\/p>\n","protected":false},"author":1,"featured_media":215,"parent":0,"menu_order":0,"comment_status":"closed","ping_status":"closed","template":"","meta":{"_monsterinsights_skip_tracking":false,"_monsterinsights_sitenote_active":false,"_monsterinsights_sitenote_note":"","_monsterinsights_sitenote_category":0,"footnotes":""},"class_list":["post-90","page","type-page","status-publish","has-post-thumbnail","hentry"],"_links":{"self":[{"href":"https:\/\/knihovna.praha19.cz\/index.php?rest_route=\/wp\/v2\/pages\/90","targetHints":{"allow":["GET"]}}],"collection":[{"href":"https:\/\/knihovna.praha19.cz\/index.php?rest_route=\/wp\/v2\/pages"}],"about":[{"href":"https:\/\/knihovna.praha19.cz\/index.php?rest_route=\/wp\/v2\/types\/page"}],"author":[{"embeddable":true,"href":"https:\/\/knihovna.praha19.cz\/index.php?rest_route=\/wp\/v2\/users\/1"}],"replies":[{"embeddable":true,"href":"https:\/\/knihovna.praha19.cz\/index.php?rest_route=%2Fwp%2Fv2%2Fcomments&post=90"}],"version-history":[{"count":17,"href":"https:\/\/knihovna.praha19.cz\/index.php?rest_route=\/wp\/v2\/pages\/90\/revisions"}],"predecessor-version":[{"id":1013,"href":"https:\/\/knihovna.praha19.cz\/index.php?rest_route=\/wp\/v2\/pages\/90\/revisions\/1013"}],"wp:featuredmedia":[{"embeddable":true,"href":"https:\/\/knihovna.praha19.cz\/index.php?rest_route=\/wp\/v2\/media\/215"}],"wp:attachment":[{"href":"https:\/\/knihovna.praha19.cz\/index.php?rest_route=%2Fwp%2Fv2%2Fmedia&parent=90"}],"curies":[{"name":"wp","href":"https:\/\/api.w.org\/{rel}","templated":true}]}}